{"id":77,"date":"2025-02-14T13:10:57","date_gmt":"2025-02-14T13:10:57","guid":{"rendered":"https:\/\/xn--holz-lgern-egg-bib.site\/site\/?page_id=77"},"modified":"2025-05-05T15:12:20","modified_gmt":"2025-05-05T15:12:20","slug":"77-2","status":"publish","type":"page","link":"https:\/\/xn--holz-lgern-egg-bib.site\/site\/?page_id=77","title":{"rendered":"Schweizer Holz"},"content":{"rendered":"<p>[et_pb_section fb_built=&#8220;1&#8243; _builder_version=&#8220;4.27.4&#8243; _module_preset=&#8220;default&#8220; global_colors_info=&#8220;{}&#8220;][et_pb_row column_structure=&#8220;2_5,3_5&#8243; _builder_version=&#8220;4.27.4&#8243; _module_preset=&#8220;default&#8220; global_colors_info=&#8220;{}&#8220;][et_pb_column type=&#8220;2_5&#8243; _builder_version=&#8220;4.27.4&#8243; _module_preset=&#8220;default&#8220; global_colors_info=&#8220;{}&#8220;][et_pb_image src=&#8220;http:\/\/xn--holz-lgern-egg-bib.site\/site\/wp-content\/uploads\/2025\/02\/logo.png&#8220; title_text=&#8220;logo&#8220; _builder_version=&#8220;4.27.4&#8243; _module_preset=&#8220;default&#8220; global_colors_info=&#8220;{}&#8220;][\/et_pb_image][\/et_pb_column][et_pb_column type=&#8220;3_5&#8243; _builder_version=&#8220;4.27.4&#8243; _module_preset=&#8220;default&#8220; global_colors_info=&#8220;{}&#8220;][et_pb_text _builder_version=&#8220;4.27.4&#8243; _module_preset=&#8220;default&#8220; global_colors_info=&#8220;{}&#8220;]<\/p>\n<h1>Schweizer Wald und Schweizer Holz<\/h1>\n<p>[\/et_pb_text][\/et_pb_column][\/et_pb_row][et_pb_row _builder_version=&#8220;4.27.4&#8243; _module_preset=&#8220;default&#8220; column_structure=&#8220;3_5,2_5&#8243;][et_pb_column _builder_version=&#8220;4.27.4&#8243; _module_preset=&#8220;default&#8220; type=&#8220;3_5&#8243;][et_pb_text _builder_version=&#8220;4.27.4&#8243; _module_preset=&#8220;default&#8220; hover_enabled=&#8220;0&#8243; sticky_enabled=&#8220;0&#8243;]<\/p>\n<h2>Das Label Schweizer Holz<\/h2>\n<p>Schweizer Holz ist der nat\u00fcrliche und stetig nachwachsende Rohstoff unseres Landes. Das Label Schweizer Holz ist das verl\u00e4ssliche Zeichen f\u00fcr Holz aus der Schweiz, f\u00fcr die vollumf\u00e4ngliche Wertsch\u00f6pfung in der Schweiz \u2013\u00a0und f\u00fcr einen verantwortungsvollen, nachhaltigen Umgang mit Holz und Wald.<\/p>\n<p>[\/et_pb_text][et_pb_text _builder_version=&#8220;4.27.4&#8243; _module_preset=&#8220;default&#8220; hover_enabled=&#8220;0&#8243; sticky_enabled=&#8220;0&#8243;]<\/p>\n<div class=\"toolbox-element toolbox-headline \">\n<h2>Ein gutes Zeichen \u2013 Nat\u00fcrlich Schweizer Holz<\/h2>\n<\/div>\n<div class=\"toolbox-element toolbox-content wysiwyg content-container\">\n<p>Immer mehr Konsumenten, Kunden und Bauherren wollen genau wissen, woher das Holz f\u00fcr Ihr Haus, ihre Inneneinrichtung oder ihre M\u00f6bel stammt. Diese Achtsamkeit bietet die optimale Gelegenheit, um die Vorteile von Schweizer Holz aufzuzeigen. Zwar sieht man einem Holztisch oder einer Fassade nicht an, woher der Rohstoff stammt. Doch es gibt gute Gr\u00fcnde, auf den regionalen Ursprung zu achten. Zum Beispiel die nachhaltige Waldwirtschaft in der Schweiz, die kurzen Transportwege, die hohe Professionalit\u00e4t und das ausgepr\u00e4gte Qualit\u00e4tsdenken auf allen Stufen der Verarbeitungskette.<\/p>\n<p>Das Label Schweizer Holz bietet dem Schweizer Schreiner, dem Holzbauer, der Holzwerkst\u00e4tte und anderen holzverarbeitenden Betrieben eine ausgezeichnete M\u00f6glichkeit, die Vorteile hiesiger Holzprodukte zu empfehlen. Es weist nach, dass das Holz aus der Schweiz kommt und in der Schweiz von gut ausgebildeten Mitarbeitern in bester Qualit\u00e4t verarbeitet worden ist. Das Label Schweizer Holz wird ausgehend vom Wald entlang der Verarbeitungskette von den berechtigten Betrieben von einer Verarbeitungsstufe auf die n\u00e4chste weitergereicht. Dadurch ist nicht zuletzt auch die R\u00fcckverfolgbarkeit der Herkunft sichergestellt \u2013\u00a0vom Schweizer Wald zum fertigen Produkt oder Objekt.<\/p>\n<\/div>\n<p>[\/et_pb_text][\/et_pb_column][et_pb_column _builder_version=&#8220;4.27.4&#8243; _module_preset=&#8220;default&#8220; type=&#8220;2_5&#8243;][et_pb_image src=&#8220;http:\/\/xn--holz-lgern-egg-bib.site\/site\/wp-content\/uploads\/2025\/05\/Schweizer-Holz.jpg&#8220; _builder_version=&#8220;4.27.4&#8243; _module_preset=&#8220;default&#8220; title_text=&#8220;Schweizer Holz&#8220; hover_enabled=&#8220;0&#8243; sticky_enabled=&#8220;0&#8243;][\/et_pb_image][\/et_pb_column][\/et_pb_row][et_pb_row _builder_version=&#8220;4.27.4&#8243; _module_preset=&#8220;default&#8220;][et_pb_column _builder_version=&#8220;4.27.4&#8243; _module_preset=&#8220;default&#8220; type=&#8220;4_4&#8243;][et_pb_text _builder_version=&#8220;4.27.4&#8243; _module_preset=&#8220;default&#8220; hover_enabled=&#8220;0&#8243; sticky_enabled=&#8220;0&#8243;]<\/p>\n<p>Seit der Entstehung im Jahr 2009 hat sich das Label Schweizer Holz stark entwickelt. Mittlerweile ist die gesamte Holzkette involviert. Fundament des gemeinsamen Tuns ist eine Philosophie, die nicht nur die Gegenwart im Sinn hat, sondern den Blick vor allem auf die Zukunft richtet. Das Label Schweizer Holz soll eine bleibende Wirkung entfalten \u2013 und das Qualit\u00e4tsprodukt Schweizer Holz im \u00f6ffentlichen Bewusstsein verankern.<\/p>\n<p>[\/et_pb_text][\/et_pb_column][\/et_pb_row][\/et_pb_section]<\/p>\n","protected":false},"excerpt":{"rendered":"<p>Schweizer Wald und Schweizer HolzDas Label Schweizer Holz Schweizer Holz ist der nat\u00fcrliche und stetig nachwachsende Rohstoff unseres Landes. Das Label Schweizer Holz ist das verl\u00e4ssliche Zeichen f\u00fcr Holz aus der Schweiz, f\u00fcr die vollumf\u00e4ngliche Wertsch\u00f6pfung in der Schweiz \u2013\u00a0und f\u00fcr einen verantwortungsvollen, nachhaltigen Umgang mit Holz und Wald. Ein gutes Zeichen \u2013 Nat\u00fcrlich Schweizer [&hellip;]<\/p>\n","protected":false},"author":1,"featured_media":0,"parent":0,"menu_order":0,"comment_status":"closed","ping_status":"closed","template":"","meta":{"_et_pb_use_builder":"on","_et_pb_old_content":"","_et_gb_content_width":"","footnotes":""},"class_list":["post-77","page","type-page","status-publish","hentry"],"_links":{"self":[{"href":"https:\/\/xn--holz-lgern-egg-bib.site\/site\/index.php?rest_route=\/wp\/v2\/pages\/77","targetHints":{"allow":["GET"]}}],"collection":[{"href":"https:\/\/xn--holz-lgern-egg-bib.site\/site\/index.php?rest_route=\/wp\/v2\/pages"}],"about":[{"href":"https:\/\/xn--holz-lgern-egg-bib.site\/site\/index.php?rest_route=\/wp\/v2\/types\/page"}],"author":[{"embeddable":true,"href":"https:\/\/xn--holz-lgern-egg-bib.site\/site\/index.php?rest_route=\/wp\/v2\/users\/1"}],"replies":[{"embeddable":true,"href":"https:\/\/xn--holz-lgern-egg-bib.site\/site\/index.php?rest_route=%2Fwp%2Fv2%2Fcomments&post=77"}],"version-history":[{"count":4,"href":"https:\/\/xn--holz-lgern-egg-bib.site\/site\/index.php?rest_route=\/wp\/v2\/pages\/77\/revisions"}],"predecessor-version":[{"id":196,"href":"https:\/\/xn--holz-lgern-egg-bib.site\/site\/index.php?rest_route=\/wp\/v2\/pages\/77\/revisions\/196"}],"wp:attachment":[{"href":"https:\/\/xn--holz-lgern-egg-bib.site\/site\/index.php?rest_route=%2Fwp%2Fv2%2Fmedia&parent=77"}],"curies":[{"name":"wp","href":"https:\/\/api.w.org\/{rel}","templated":true}]}}