{"id":56,"date":"2025-02-14T12:48:16","date_gmt":"2025-02-14T12:48:16","guid":{"rendered":"https:\/\/xn--holz-lgern-egg-bib.site\/site\/?page_id=56"},"modified":"2025-07-11T13:08:07","modified_gmt":"2025-07-11T13:08:07","slug":"56-2","status":"publish","type":"page","link":"https:\/\/xn--holz-lgern-egg-bib.site\/site\/?page_id=56","title":{"rendered":"Ein Tag im Forst"},"content":{"rendered":"<p>[et_pb_section fb_built=&#8220;1&#8243; _builder_version=&#8220;4.27.4&#8243; _module_preset=&#8220;default&#8220; global_colors_info=&#8220;{}&#8220;][et_pb_row column_structure=&#8220;2_5,3_5&#8243; _builder_version=&#8220;4.27.4&#8243; _module_preset=&#8220;default&#8220; global_colors_info=&#8220;{}&#8220;][et_pb_column type=&#8220;2_5&#8243; _builder_version=&#8220;4.27.4&#8243; _module_preset=&#8220;default&#8220; global_colors_info=&#8220;{}&#8220;][et_pb_image src=&#8220;http:\/\/xn--holz-lgern-egg-bib.site\/site\/wp-content\/uploads\/2025\/02\/DJI_0206-scaled.jpg&#8220; title_text=&#8220;Egg und L\u00e4gern Wald&#8220; _builder_version=&#8220;4.27.4&#8243; _module_preset=&#8220;default&#8220; global_colors_info=&#8220;{}&#8220;][\/et_pb_image][\/et_pb_column][et_pb_column type=&#8220;3_5&#8243; _builder_version=&#8220;4.27.4&#8243; _module_preset=&#8220;default&#8220; global_colors_info=&#8220;{}&#8220;][et_pb_text _builder_version=&#8220;4.27.4&#8243; _module_preset=&#8220;default&#8220; global_colors_info=&#8220;{}&#8220;]<\/p>\n<h1>Ein Tag im Forst &#8211; Freitag 12. September<\/h1>\n<p>[\/et_pb_text][et_pb_text _builder_version=&#8220;4.27.4&#8243; _module_preset=&#8220;default&#8220; global_colors_info=&#8220;{}&#8220;]<\/p>\n<p>F\u00fcr Sch\u00fcler und Jugendliche geben wir einen Einblick in die Arbeiten mit Holz.<\/p>\n<p>Im Wald bei Schleinikon zeigen wir die Arbeiten der F\u00f6rster, eine mobile S\u00e4ge und bauen zusammen eine Holzkonstruktion. Wir stellen alle Lehrberufe vor<\/p>\n<p>F\u00fcr den Freitag Vormittag k\u00f6nnen sich Sch\u00fcler und Klassen anmelden.<\/p>\n<p>&nbsp;<\/p>\n<p>[\/et_pb_text][\/et_pb_column][\/et_pb_row][et_pb_row _builder_version=&#8220;4.27.4&#8243; _module_preset=&#8220;default&#8220; global_colors_info=&#8220;{}&#8220;][et_pb_column type=&#8220;4_4&#8243; _builder_version=&#8220;4.27.4&#8243; _module_preset=&#8220;default&#8220; global_colors_info=&#8220;{}&#8220;][et_pb_text _builder_version=&#8220;4.27.4&#8243; _module_preset=&#8220;default&#8220; global_colors_info=&#8220;{}&#8220;]<\/p>\n<p>Wir planen einen tollen Event f\u00fcr euch. Im Rahmen des nationalen Tages des Schweizer Holzes organisieren wir am Freitag, 12. September 2025 zwischen 09:00 und 15:00 einen Tag mit euch im Wald. Wir stellen euch in dieser Zeit drei Lehrberufe vor:<\/p>\n<p><strong>Forstwart\/in EFZ<\/strong><\/p>\n<p><strong>Holzindustriefachmann\/-frau EFZ<\/strong><\/p>\n<p><strong>Zimmermann\/Zimmerin EFZ<\/strong><\/p>\n<p>Du darfst hautnah miterleben, wie der Forstwart\/in einen Baum f\u00e4llt; ein Industriefachmann\/frau den Baum zu Brettern und Balken verarbeitet damit der Zimmermann\/Zimmerin aus diesen ein Bauwerk erbauen kann. Ziel des Tages ist, gemeinsam ein Hochsitz zu bauen, welcher anschliessend im Wald platziert wird.<\/p>\n<p>Hast du Freude am Holz und Holzhandwerk und interessierst dich f\u00fcr eine dieser Berufslehren? Dann freuen wir uns, dich bei diesem Abendteuer dabei zu haben!<\/p>\n<p>[\/et_pb_text][\/et_pb_column][\/et_pb_row][et_pb_row column_structure=&#8220;2_3,1_3&#8243; _builder_version=&#8220;4.27.4&#8243; _module_preset=&#8220;default&#8220; global_colors_info=&#8220;{}&#8220;][et_pb_column type=&#8220;2_3&#8243; _builder_version=&#8220;4.27.4&#8243; _module_preset=&#8220;default&#8220; global_colors_info=&#8220;{}&#8220;][et_pb_text _builder_version=&#8220;4.27.4&#8243; _module_preset=&#8220;default&#8220; global_colors_info=&#8220;{}&#8220;]<\/p>\n<p>Wir bieten Dir:<\/p>\n<p>-Einen spannenden Tag im Wald mit Einblick in die drei Handwerksberufe.<\/p>\n<p>&#8211; Motivierte Fachleute, die euch den Beruf vorstellen und eure Fragen beantworten.<\/p>\n<p>&#8211; Hin \u2013 und R\u00fccktransport mit dem Shuttle-Dienst von mehreren Standorten <span style=\"text-decoration: line-through;\"><\/span><\/p>\n<p>-Verpflegung<\/p>\n<p>[\/et_pb_text][\/et_pb_column][et_pb_column type=&#8220;1_3&#8243; _builder_version=&#8220;4.27.4&#8243; _module_preset=&#8220;default&#8220; global_colors_info=&#8220;{}&#8220;][et_pb_image src=&#8220;http:\/\/xn--holz-lgern-egg-bib.site\/site\/wp-content\/uploads\/2025\/03\/Holzerntemaschine.jpg&#8220; title_text=&#8220;Holzerntemaschine&#8220; _builder_version=&#8220;4.27.4&#8243; _module_preset=&#8220;default&#8220; global_colors_info=&#8220;{}&#8220;][\/et_pb_image][\/et_pb_column][\/et_pb_row][et_pb_row column_structure=&#8220;1_3,2_3&#8243; _builder_version=&#8220;4.27.4&#8243; _module_preset=&#8220;default&#8220; global_colors_info=&#8220;{}&#8220;][et_pb_column type=&#8220;1_3&#8243; _builder_version=&#8220;4.27.4&#8243; _module_preset=&#8220;default&#8220; global_colors_info=&#8220;{}&#8220;][et_pb_image src=&#8220;http:\/\/xn--holz-lgern-egg-bib.site\/site\/wp-content\/uploads\/2025\/02\/Lehrbetrieb-Wirth.png&#8220; title_text=&#8220;Lehrbetrieb Wirth&#8220; _builder_version=&#8220;4.27.4&#8243; _module_preset=&#8220;default&#8220; global_colors_info=&#8220;{}&#8220;][\/et_pb_image][\/et_pb_column][et_pb_column type=&#8220;2_3&#8243; _builder_version=&#8220;4.27.4&#8243; _module_preset=&#8220;default&#8220; global_colors_info=&#8220;{}&#8220;][et_pb_image src=&#8220;http:\/\/xn--holz-lgern-egg-bib.site\/site\/wp-content\/uploads\/2025\/03\/Karte-Schliniker-Platten.png&#8220; title_text=&#8220;Karte Schliniker Platten&#8220; _builder_version=&#8220;4.27.4&#8243; _module_preset=&#8220;default&#8220; global_colors_info=&#8220;{}&#8220;][\/et_pb_image][et_pb_text _builder_version=&#8220;4.27.4&#8243; _module_preset=&#8220;default&#8220; hover_enabled=&#8220;0&#8243; global_colors_info=&#8220;{}&#8220; sticky_enabled=&#8220;0&#8243;]<\/p>\n<p>Der <a href=\"https:\/\/maps.app.goo.gl\/Bwh6iZigbd14JauN7\" target=\"_blank\" rel=\"noopener\">Standort<\/a> ist im Wald auf der Egg, zwischen Ober- und Niederweningen und gut vom TCS-Parkplatz oberhalb von Oberwenningen erreichbar.<\/p>\n<p>[\/et_pb_text][\/et_pb_column][\/et_pb_row][\/et_pb_section]<\/p>\n","protected":false},"excerpt":{"rendered":"<p>Ein Tag im Forst &#8211; Freitag 12. SeptemberF\u00fcr Sch\u00fcler und Jugendliche geben wir einen Einblick in die Arbeiten mit Holz. Im Wald bei Schleinikon zeigen wir die Arbeiten der F\u00f6rster, eine mobile S\u00e4ge und bauen zusammen eine Holzkonstruktion. Wir stellen alle Lehrberufe vor F\u00fcr den Freitag Vormittag k\u00f6nnen sich Sch\u00fcler und Klassen anmelden. &nbsp;Wir planen [&hellip;]<\/p>\n","protected":false},"author":1,"featured_media":0,"parent":0,"menu_order":0,"comment_status":"closed","ping_status":"closed","template":"","meta":{"_et_pb_use_builder":"on","_et_pb_old_content":"","_et_gb_content_width":"","footnotes":""},"class_list":["post-56","page","type-page","status-publish","hentry"],"_links":{"self":[{"href":"https:\/\/xn--holz-lgern-egg-bib.site\/site\/index.php?rest_route=\/wp\/v2\/pages\/56","targetHints":{"allow":["GET"]}}],"collection":[{"href":"https:\/\/xn--holz-lgern-egg-bib.site\/site\/index.php?rest_route=\/wp\/v2\/pages"}],"about":[{"href":"https:\/\/xn--holz-lgern-egg-bib.site\/site\/index.php?rest_route=\/wp\/v2\/types\/page"}],"author":[{"embeddable":true,"href":"https:\/\/xn--holz-lgern-egg-bib.site\/site\/index.php?rest_route=\/wp\/v2\/users\/1"}],"replies":[{"embeddable":true,"href":"https:\/\/xn--holz-lgern-egg-bib.site\/site\/index.php?rest_route=%2Fwp%2Fv2%2Fcomments&post=56"}],"version-history":[{"count":8,"href":"https:\/\/xn--holz-lgern-egg-bib.site\/site\/index.php?rest_route=\/wp\/v2\/pages\/56\/revisions"}],"predecessor-version":[{"id":299,"href":"https:\/\/xn--holz-lgern-egg-bib.site\/site\/index.php?rest_route=\/wp\/v2\/pages\/56\/revisions\/299"}],"wp:attachment":[{"href":"https:\/\/xn--holz-lgern-egg-bib.site\/site\/index.php?rest_route=%2Fwp%2Fv2%2Fmedia&parent=56"}],"curies":[{"name":"wp","href":"https:\/\/api.w.org\/{rel}","templated":true}]}}