{"id":50,"date":"2025-02-14T12:37:35","date_gmt":"2025-02-14T12:37:35","guid":{"rendered":"https:\/\/xn--holz-lgern-egg-bib.site\/site\/?page_id=50"},"modified":"2025-09-17T11:41:30","modified_gmt":"2025-09-17T11:41:30","slug":"50-2","status":"publish","type":"page","link":"https:\/\/xn--holz-lgern-egg-bib.site\/site\/?page_id=50","title":{"rendered":"Tage des Schweizer Holzes 2025"},"content":{"rendered":"<p>[et_pb_section fb_built=&#8220;1&#8243; _builder_version=&#8220;4.27.4&#8243; _module_preset=&#8220;default&#8220; global_colors_info=&#8220;{}&#8220;][et_pb_row _builder_version=&#8220;4.27.4&#8243; _module_preset=&#8220;default&#8220; global_colors_info=&#8220;{}&#8220;][et_pb_column type=&#8220;4_4&#8243; _builder_version=&#8220;4.27.4&#8243; _module_preset=&#8220;default&#8220; global_colors_info=&#8220;{}&#8220;][et_pb_image src=&#8220;http:\/\/xn--holz-lgern-egg-bib.site\/site\/wp-content\/uploads\/2025\/02\/tsh25-key-de.png&#8220; title_text=&#8220;tsh25-key-de&#8220; _builder_version=&#8220;4.27.4&#8243; _module_preset=&#8220;default&#8220; global_colors_info=&#8220;{}&#8220;][\/et_pb_image][et_pb_text _builder_version=&#8220;4.27.4&#8243; _module_preset=&#8220;default&#8220; global_colors_info=&#8220;{}&#8220;]<\/p>\n<p>Im Herbst 2025 organisiert das Label Schweizer Holz eine nationale Veranstaltung: Die Tage des Schweizer Holzes 2025.<\/p>\n<p>Am<span>\u00a0<\/span><strong>Freitag, 12. und Samstag, 13. September 2025 <\/strong>\u00f6ffnen die Betriebe der Holzkette ihre T\u00fcren und zeigen, wozu Holz f\u00e4hig ist.<span>\u00a0<\/span><\/p>\n<h3><span><\/span><\/h3>\n<h3><span><\/span><\/h3>\n<h3><span><\/span><strong>Freitag 12. September:<\/strong><\/h3>\n<p>&#8211; Sch\u00fclerevent im Wald auf der <a href=\"https:\/\/maps.app.goo.gl\/Bwh6iZigbd14JauN7\" target=\"_blank\" rel=\"noopener\">Schliniker Platte, in Bachs und Schneisingen<\/a> mit allen 3 Betrieben<\/p>\n<p>&#8211; Offene T\u00fcren und F\u00fchrungen bei Josef Lehmann Holzbau AG in <a href=\"https:\/\/maps.app.goo.gl\/i8K96iv4DoVzpfST8\" target=\"_blank\" rel=\"noopener\">Schneisingen<\/a> und bei der Wirth AG in<a href=\"https:\/\/maps.app.goo.gl\/6Nt4Yk6RccPHee4Z8\" target=\"_blank\" rel=\"noopener\"> Bachs<\/a>.<\/p>\n<p>&nbsp;<\/p>\n<h3><strong>Samstag 13. September<\/strong><\/h3>\n<p>&#8211; Vorf\u00fchrungen von Forst- und Waldarbeiten, sowie Festwirtschaft im Wald auf der <a href=\"https:\/\/maps.app.goo.gl\/Bwh6iZigbd14JauN7\" target=\"_blank\" rel=\"noopener\">Schliniker Platte<\/a> mit dem Forst Wehntal.<\/p>\n<p>&#8211; Betriebsrundg\u00e4nge, Attraktionen, Lehrlingsprojekte, Kinderprogramm und Festwirtschaft bei Josef Lehmann AG in <a href=\"https:\/\/maps.app.goo.gl\/i8K96iv4DoVzpfST8\" target=\"_blank\" rel=\"noopener\">Schneisingen<\/a>.<\/p>\n<p>&#8211; Einblicke in den ganzen Produtionsablauf der Wirth AG in <a href=\"https:\/\/maps.app.goo.gl\/6Nt4Yk6RccPHee4Z8\" target=\"_blank\" rel=\"noopener\">Bachs<\/a>, Attraktionen f\u00fcr klein und gross, Festwirtschaft und am Abend das Sagi-F\u00e4scht mit Live-Musik.<\/p>\n<p>Es verkehren am Samstag Shuttle-Busse zwischen den Standorten.<\/p>\n<p>&nbsp;<\/p>\n<p><span>Wir haben f\u00fcr die Kampagne einen &#8222;Cluster&#8220; gebildet, die Seite dazu finden Sie <a href=\"https:\/\/www.holz-bois-legno.ch\/de\/leben-mit-holz\/kampagnen\/tsh25\/lagern-egg-4448\" target=\"_blank\" rel=\"noopener\">hier<\/a>.<\/span><\/p>\n<p>[\/et_pb_text][\/et_pb_column][\/et_pb_row][\/et_pb_section]<\/p>\n","protected":false},"excerpt":{"rendered":"<p>Tege des Schweizer Holzes 2025<\/p>\n","protected":false},"author":1,"featured_media":0,"parent":0,"menu_order":0,"comment_status":"closed","ping_status":"closed","template":"","meta":{"_et_pb_use_builder":"on","_et_pb_old_content":"","_et_gb_content_width":"","footnotes":""},"class_list":["post-50","page","type-page","status-publish","hentry"],"_links":{"self":[{"href":"https:\/\/xn--holz-lgern-egg-bib.site\/site\/index.php?rest_route=\/wp\/v2\/pages\/50","targetHints":{"allow":["GET"]}}],"collection":[{"href":"https:\/\/xn--holz-lgern-egg-bib.site\/site\/index.php?rest_route=\/wp\/v2\/pages"}],"about":[{"href":"https:\/\/xn--holz-lgern-egg-bib.site\/site\/index.php?rest_route=\/wp\/v2\/types\/page"}],"author":[{"embeddable":true,"href":"https:\/\/xn--holz-lgern-egg-bib.site\/site\/index.php?rest_route=\/wp\/v2\/users\/1"}],"replies":[{"embeddable":true,"href":"https:\/\/xn--holz-lgern-egg-bib.site\/site\/index.php?rest_route=%2Fwp%2Fv2%2Fcomments&post=50"}],"version-history":[{"count":13,"href":"https:\/\/xn--holz-lgern-egg-bib.site\/site\/index.php?rest_route=\/wp\/v2\/pages\/50\/revisions"}],"predecessor-version":[{"id":355,"href":"https:\/\/xn--holz-lgern-egg-bib.site\/site\/index.php?rest_route=\/wp\/v2\/pages\/50\/revisions\/355"}],"wp:attachment":[{"href":"https:\/\/xn--holz-lgern-egg-bib.site\/site\/index.php?rest_route=%2Fwp%2Fv2%2Fmedia&parent=50"}],"curies":[{"name":"wp","href":"https:\/\/api.w.org\/{rel}","templated":true}]}}