{"id":31,"date":"2025-02-14T11:53:52","date_gmt":"2025-02-14T11:53:52","guid":{"rendered":"https:\/\/xn--holz-lgern-egg-bib.site\/site\/?page_id=31"},"modified":"2025-08-18T06:51:38","modified_gmt":"2025-08-18T06:51:38","slug":"31-2","status":"publish","type":"page","link":"https:\/\/xn--holz-lgern-egg-bib.site\/site\/?page_id=31","title":{"rendered":"Holzbau"},"content":{"rendered":"<p>[et_pb_section fb_built=&#8220;1&#8243; _builder_version=&#8220;4.27.4&#8243; _module_preset=&#8220;default&#8220; global_colors_info=&#8220;{}&#8220;][et_pb_row column_structure=&#8220;2_5,3_5&#8243; _builder_version=&#8220;4.27.4&#8243; _module_preset=&#8220;default&#8220; global_colors_info=&#8220;{}&#8220;][et_pb_column type=&#8220;2_5&#8243; _builder_version=&#8220;4.27.4&#8243; _module_preset=&#8220;default&#8220; global_colors_info=&#8220;{}&#8220;][et_pb_image src=&#8220;http:\/\/xn--holz-lgern-egg-bib.site\/site\/wp-content\/uploads\/2025\/02\/Josef-Lehmann-Holzbau-AG-Logo_dunkel.jpg&#8220; title_text=&#8220;Josef Lehmann Holzbau AG Logo_dunkel&#8220; _builder_version=&#8220;4.27.4&#8243; _module_preset=&#8220;default&#8220; hover_enabled=&#8220;0&#8243; global_colors_info=&#8220;{}&#8220; url_new_window=&#8220;on&#8220; url=&#8220;https:\/\/www.lehmann-schneisingen.ch\/&#8220; sticky_enabled=&#8220;0&#8243;][\/et_pb_image][\/et_pb_column][et_pb_column type=&#8220;3_5&#8243; _builder_version=&#8220;4.27.4&#8243; _module_preset=&#8220;default&#8220; global_colors_info=&#8220;{}&#8220;][et_pb_text _builder_version=&#8220;4.27.4&#8243; _module_preset=&#8220;default&#8220; global_colors_info=&#8220;{}&#8220;]<\/p>\n<h2>Josef Lehmann Holzbau AG<\/h2>\n<p>Wir beziehen unser Holz und unsere Holzwerkstoffe von verschiedenen S\u00e4gereien, Hobelwerken und H\u00e4ndlern aus der Region. Die Holzprodukte werden als kubische Rohware oder profilierten Schalungen bei uns angeliefert und wir verarbeiten diese weiter zu Holzkonstruktion, Holzfassaden und \u2013verkleidungen oder ganzen Holzelementh\u00e4usern. Rest- und Abbruchholz dient in unserer eigenen Fernheizung als Energielieferant.<\/p>\n<p>[\/et_pb_text][\/et_pb_column][\/et_pb_row][et_pb_row column_structure=&#8220;2_5,3_5&#8243; _builder_version=&#8220;4.27.4&#8243; _module_preset=&#8220;default&#8220; global_colors_info=&#8220;{}&#8220;][et_pb_column type=&#8220;2_5&#8243; _builder_version=&#8220;4.27.4&#8243; _module_preset=&#8220;default&#8220; global_colors_info=&#8220;{}&#8220;][et_pb_image src=&#8220;http:\/\/xn--holz-lgern-egg-bib.site\/site\/wp-content\/uploads\/2025\/05\/Lehmann1.jpg&#8220; title_text=&#8220;Lehmann1&#8243; _builder_version=&#8220;4.27.4&#8243; _module_preset=&#8220;default&#8220; global_colors_info=&#8220;{}&#8220;][\/et_pb_image][\/et_pb_column][et_pb_column type=&#8220;3_5&#8243; _builder_version=&#8220;4.27.4&#8243; _module_preset=&#8220;default&#8220; global_colors_info=&#8220;{}&#8220;][et_pb_text _builder_version=&#8220;4.27.4&#8243; _module_preset=&#8220;default&#8220; global_colors_info=&#8220;{}&#8220;]<\/p>\n<h3>Klassischer Holzbau<\/h3>\n<p>Das traditionelle Zimmermannshandwerk hat in unserem Betrieb nach wie vor einen hohen Stellenwert. Anspruchsvolle Tragkonstruktionen in Holz sind so zu sagen die Kr\u00f6nung\u00bb eines Neu- oder Umbaus.<\/p>\n<p>[\/et_pb_text][\/et_pb_column][\/et_pb_row][et_pb_row column_structure=&#8220;3_5,2_5&#8243; _builder_version=&#8220;4.27.4&#8243; _module_preset=&#8220;default&#8220; global_colors_info=&#8220;{}&#8220;][et_pb_column type=&#8220;3_5&#8243; _builder_version=&#8220;4.27.4&#8243; _module_preset=&#8220;default&#8220; global_colors_info=&#8220;{}&#8220;][et_pb_text _builder_version=&#8220;4.27.4&#8243; _module_preset=&#8220;default&#8220; global_colors_info=&#8220;{}&#8220;]<\/p>\n<h3>Elementbau<\/h3>\n<p>Im Elementbau oder auch Systembau genannt, ist es uns m\u00f6glich, die individuellen W\u00fcnsche von Bauherr und Architekt zu erf\u00fcllen. Die Vorfertigung der Elemente steigert die Produktivit\u00e4t und die Wirtschaftlichkeit, ohne die gestalterische Freiheit einzuschr\u00e4nken.<\/p>\n<p>[\/et_pb_text][\/et_pb_column][et_pb_column type=&#8220;2_5&#8243; _builder_version=&#8220;4.27.4&#8243; _module_preset=&#8220;default&#8220; global_colors_info=&#8220;{}&#8220;][et_pb_image src=&#8220;http:\/\/xn--holz-lgern-egg-bib.site\/site\/wp-content\/uploads\/2025\/05\/Lehmann2.jpg&#8220; title_text=&#8220;Lehmann2&#8243; _builder_version=&#8220;4.27.4&#8243; _module_preset=&#8220;default&#8220; global_colors_info=&#8220;{}&#8220;][\/et_pb_image][\/et_pb_column][\/et_pb_row][et_pb_row column_structure=&#8220;2_5,3_5&#8243; _builder_version=&#8220;4.27.4&#8243; _module_preset=&#8220;default&#8220; global_colors_info=&#8220;{}&#8220;][et_pb_column type=&#8220;2_5&#8243; _builder_version=&#8220;4.27.4&#8243; _module_preset=&#8220;default&#8220; global_colors_info=&#8220;{}&#8220;][et_pb_image src=&#8220;http:\/\/xn--holz-lgern-egg-bib.site\/site\/wp-content\/uploads\/2025\/05\/Lehmann3.jpg&#8220; title_text=&#8220;Lehmann3&#8243; _builder_version=&#8220;4.27.4&#8243; _module_preset=&#8220;default&#8220; global_colors_info=&#8220;{}&#8220;][\/et_pb_image][\/et_pb_column][et_pb_column type=&#8220;3_5&#8243; _builder_version=&#8220;4.27.4&#8243; _module_preset=&#8220;default&#8220; global_colors_info=&#8220;{}&#8220;][et_pb_text _builder_version=&#8220;4.27.4&#8243; _module_preset=&#8220;default&#8220; global_colors_info=&#8220;{}&#8220;]<\/p>\n<h3>Fassaden \/ D\u00e4cher \/ PV<\/h3>\n<p>Von Fassadenverkleidungen, Neueindeckungen, Sanierungen und Reparaturen \u00fcber Dachfenster bis hin zur Montage von Photovoltaikanlagen &#8211; unsere Fachleute unterst\u00fctzen Sie gerne bei Ihrem Projekt.<\/p>\n<p>[\/et_pb_text][\/et_pb_column][\/et_pb_row][et_pb_row column_structure=&#8220;3_5,2_5&#8243; _builder_version=&#8220;4.27.4&#8243; _module_preset=&#8220;default&#8220; global_colors_info=&#8220;{}&#8220;][et_pb_column type=&#8220;3_5&#8243; _builder_version=&#8220;4.27.4&#8243; _module_preset=&#8220;default&#8220; global_colors_info=&#8220;{}&#8220;][et_pb_text _builder_version=&#8220;4.27.4&#8243; _module_preset=&#8220;default&#8220; global_colors_info=&#8220;{}&#8220;]<\/p>\n<h3>Innenausbau \/ Terrassen<\/h3>\n<p>Braucht Ihr Zuhause eine Ver\u00e4nderung? Vielleicht eine neue Wand oder Deckenverkleidung, einen eleganten Parkettboden oder einen sch\u00f6nen Terrassenrost? Wir sind f\u00fcr Sie da.<\/p>\n<p>[\/et_pb_text][\/et_pb_column][et_pb_column type=&#8220;2_5&#8243; _builder_version=&#8220;4.27.4&#8243; _module_preset=&#8220;default&#8220; global_colors_info=&#8220;{}&#8220;][et_pb_image src=&#8220;http:\/\/xn--holz-lgern-egg-bib.site\/site\/wp-content\/uploads\/2025\/05\/Lehmann4.jpg&#8220; title_text=&#8220;Lehmann4&#8243; _builder_version=&#8220;4.27.4&#8243; _module_preset=&#8220;default&#8220; global_colors_info=&#8220;{}&#8220;][\/et_pb_image][\/et_pb_column][\/et_pb_row][et_pb_row column_structure=&#8220;1_2,1_2&#8243; _builder_version=&#8220;4.27.4&#8243; _module_preset=&#8220;default&#8220; global_colors_info=&#8220;{}&#8220;][et_pb_column type=&#8220;1_2&#8243; _builder_version=&#8220;4.27.4&#8243; _module_preset=&#8220;default&#8220; global_colors_info=&#8220;{}&#8220;][et_pb_image src=&#8220;http:\/\/xn--holz-lgern-egg-bib.site\/site\/wp-content\/uploads\/2025\/05\/Lehmann5.jpg&#8220; title_text=&#8220;Lehmann5&#8243; _builder_version=&#8220;4.27.4&#8243; _module_preset=&#8220;default&#8220; global_colors_info=&#8220;{}&#8220;][\/et_pb_image][\/et_pb_column][et_pb_column type=&#8220;1_2&#8243; _builder_version=&#8220;4.27.4&#8243; _module_preset=&#8220;default&#8220; global_colors_info=&#8220;{}&#8220;][et_pb_text _builder_version=&#8220;4.27.4&#8243; _module_preset=&#8220;default&#8220; global_colors_info=&#8220;{}&#8220;]<\/p>\n<h3>Umbau \/ Dachsanierungen \/ Lukarnen<\/h3>\n<p>Umbau und Renovationen von Altbauten, energetische Geb\u00e4udesanierungen sowie Lukarneneinbauten in bestehende D\u00e4cher in all diesen Belangen finden Sie bei uns die richtige Beratung.<\/p>\n<p>[\/et_pb_text][\/et_pb_column][\/et_pb_row][et_pb_row column_structure=&#8220;1_2,1_2&#8243; _builder_version=&#8220;4.27.4&#8243; _module_preset=&#8220;default&#8220; global_colors_info=&#8220;{}&#8220;][et_pb_column type=&#8220;1_2&#8243; _builder_version=&#8220;4.27.4&#8243; _module_preset=&#8220;default&#8220; global_colors_info=&#8220;{}&#8220;][et_pb_text _builder_version=&#8220;4.27.4&#8243; _module_preset=&#8220;default&#8220; global_colors_info=&#8220;{}&#8220;]<\/p>\n<h3>Hallen \/ Grossbauten<\/h3>\n<p>Dank langj\u00e4hriger und grosser Erfahrung bei Holztragwerken f\u00fcr industrielle Hallen, landwirtschaftliche Bauten oder gar Sporthallen k\u00f6nnen Sie bei uns auf eine individuelle Beratung und eine seri\u00f6se Planung vertrauen.<\/p>\n<p>[\/et_pb_text][\/et_pb_column][et_pb_column type=&#8220;1_2&#8243; _builder_version=&#8220;4.27.4&#8243; _module_preset=&#8220;default&#8220; global_colors_info=&#8220;{}&#8220;][et_pb_image src=&#8220;http:\/\/xn--holz-lgern-egg-bib.site\/site\/wp-content\/uploads\/2025\/05\/Lehmann6.jpg&#8220; title_text=&#8220;Lehmann6&#8243; _builder_version=&#8220;4.27.4&#8243; _module_preset=&#8220;default&#8220; global_colors_info=&#8220;{}&#8220;][\/et_pb_image][\/et_pb_column][\/et_pb_row][et_pb_row column_structure=&#8220;3_5,2_5&#8243; _builder_version=&#8220;4.27.4&#8243; _module_preset=&#8220;default&#8220; global_colors_info=&#8220;{}&#8220;][et_pb_column type=&#8220;3_5&#8243; _builder_version=&#8220;4.27.4&#8243; _module_preset=&#8220;default&#8220; global_colors_info=&#8220;{}&#8220;][et_pb_image src=&#8220;http:\/\/xn--holz-lgern-egg-bib.site\/site\/wp-content\/uploads\/2025\/05\/Lehmann7.jpg&#8220; title_text=&#8220;Lehmann7&#8243; _builder_version=&#8220;4.27.4&#8243; _module_preset=&#8220;default&#8220; global_colors_info=&#8220;{}&#8220;][\/et_pb_image][\/et_pb_column][et_pb_column type=&#8220;2_5&#8243; _builder_version=&#8220;4.27.4&#8243; _module_preset=&#8220;default&#8220; global_colors_info=&#8220;{}&#8220;][et_pb_text _builder_version=&#8220;4.27.4&#8243; _module_preset=&#8220;default&#8220; global_colors_info=&#8220;{}&#8220;]<\/p>\n<h3>Abbundanlage<\/h3>\n<p>Balkenabbundanlagen haben in unserer Unternehmung eine lange Tradition. Bereits in den fr\u00fchen 90er Jahren wurde die erste Abbundanlage (Hundegger P8) in Betrieb genommen. 2011 wurde diese ersetzt zu einer WBZ 160 der Firma HOMAG. Im Jahr 2023 haben wir unsere Werkhalle erweitert und den Abbund Bereich ausgebaut f\u00fcr eine neue Abbundanlage der Firma Hundegger. Parallel zum maschinellen Abbund hat die Planung in 3d CAD-Programmen an Stellenwert gewonnen. Heute werden die fertigen Daten direkt aus der Planung an die Maschine \u00fcbergeben. Die Maschine \u00fcbernimmt dabei nicht nur die komplexen Bearbeitungen, sondern auch die Optimierung der Rohware, um durch m\u00f6glichst wenig Verschnitt ressourcenschonend produzieren zu k\u00f6nnen.<\/p>\n<p>[\/et_pb_text][\/et_pb_column][\/et_pb_row][et_pb_row column_structure=&#8220;3_5,2_5&#8243; _builder_version=&#8220;4.27.4&#8243; _module_preset=&#8220;default&#8220; global_colors_info=&#8220;{}&#8220;][et_pb_column type=&#8220;3_5&#8243; _builder_version=&#8220;4.27.4&#8243; _module_preset=&#8220;default&#8220; global_colors_info=&#8220;{}&#8220;][et_pb_image src=&#8220;http:\/\/xn--holz-lgern-egg-bib.site\/site\/wp-content\/uploads\/2025\/05\/Lehmann8.jpg&#8220; title_text=&#8220;Lehmann8&#8243; _builder_version=&#8220;4.27.4&#8243; _module_preset=&#8220;default&#8220; global_colors_info=&#8220;{}&#8220;][\/et_pb_image][\/et_pb_column][et_pb_column type=&#8220;2_5&#8243; _builder_version=&#8220;4.27.4&#8243; _module_preset=&#8220;default&#8220; global_colors_info=&#8220;{}&#8220;][et_pb_text _builder_version=&#8220;4.27.4&#8243; _module_preset=&#8220;default&#8220; global_colors_info=&#8220;{}&#8220;]<\/p>\n<h3>Multifunktionsbr\u00fccke WMS<\/h3>\n<p>Unsere Multifunktionsbr\u00fccke ist aus der Elementfertigung kaum mehr wegzudenken. Sie unterst\u00fctzt uns bei der Fertigung von Elementw\u00e4nden und \u00fcbernimmt dabei das Nageln, Klammern, Fr\u00e4sen, S\u00e4gen und Bohren, und dies erledigt sie in konstant hoher Genauigkeit. Direkt angesteuert aus dem 3D CAD-Programm steigert sie die Effizienz und minimiert die Fehlerquote.<br \/>Neben der Fertigung von Wandelementen funktioniert die WMS auch als herk\u00f6mmliche 5-Achs CNC-Zuschnittanlage. Kombiniert mit dem Vakuum-Tisch erg\u00e4nzt sie unseren Maschinenpark im Bereich der Plattenbearbeitung optimal.<\/p>\n<p>[\/et_pb_text][\/et_pb_column][\/et_pb_row][et_pb_row column_structure=&#8220;3_5,2_5&#8243; _builder_version=&#8220;4.27.4&#8243; _module_preset=&#8220;default&#8220; global_colors_info=&#8220;{}&#8220;][et_pb_column type=&#8220;3_5&#8243; _builder_version=&#8220;4.27.4&#8243; _module_preset=&#8220;default&#8220; global_colors_info=&#8220;{}&#8220;][et_pb_text _builder_version=&#8220;4.27.4&#8243; _module_preset=&#8220;default&#8220; global_colors_info=&#8220;{}&#8220;]<\/p>\n<h3>Herkules-Kran<\/h3>\n<p>Der Holzelementbau gewinnt zunehmend an Bedeutung. Durch die Vorfertigung von ganzen W\u00e4nden, Bodenelementen oder Lukarnen ist ein leistungsf\u00e4higer Kran unumg\u00e4nglich. Gerade bei Aufstockungen, Lukarneneinbauten oder Anbauten ist die Wirtschaftlichkeit mit einem herk\u00f6mmlichen Baukran oft nicht gegeben. F\u00fcr diesen Bereich haben wir unseren Herkules-Kran. Strassentauglich und innert weniger Minuten einsatzbereit unterst\u00fctzt er unsere Montage-Teams bei der Arbeit.<br \/>Neben der Seilwinde kann der Herkules auch mit einem Arbeitskorb ausgestattet werden, und gew\u00e4hrleistet so das sichere Arbeiten in der H\u00f6he. Sei es beim Einbau von Dachfenstern, Dachkontrollen oder bei Montagearbeiten von Hallen oder \u00d6konomiegeb\u00e4uden.<\/p>\n<p>[\/et_pb_text][\/et_pb_column][et_pb_column type=&#8220;2_5&#8243; _builder_version=&#8220;4.27.4&#8243; _module_preset=&#8220;default&#8220; global_colors_info=&#8220;{}&#8220;][et_pb_image src=&#8220;http:\/\/xn--holz-lgern-egg-bib.site\/site\/wp-content\/uploads\/2025\/05\/Lehmann9.jpg&#8220; title_text=&#8220;Lehmann9&#8243; _builder_version=&#8220;4.27.4&#8243; _module_preset=&#8220;default&#8220; global_colors_info=&#8220;{}&#8220;][\/et_pb_image][\/et_pb_column][\/et_pb_row][et_pb_row column_structure=&#8220;1_3,1_3,1_3&#8243; _builder_version=&#8220;4.27.4&#8243; _module_preset=&#8220;default&#8220; global_colors_info=&#8220;{}&#8220;][et_pb_column type=&#8220;1_3&#8243; _builder_version=&#8220;4.27.4&#8243; _module_preset=&#8220;default&#8220; global_colors_info=&#8220;{}&#8220;][et_pb_image src=&#8220;http:\/\/xn--holz-lgern-egg-bib.site\/site\/wp-content\/uploads\/2025\/05\/Lehmann10.jpg&#8220; title_text=&#8220;Lehmann10&#8243; _builder_version=&#8220;4.27.4&#8243; _module_preset=&#8220;default&#8220; global_colors_info=&#8220;{}&#8220;][\/et_pb_image][\/et_pb_column][et_pb_column type=&#8220;1_3&#8243; _builder_version=&#8220;4.27.4&#8243; _module_preset=&#8220;default&#8220; global_colors_info=&#8220;{}&#8220;][et_pb_image src=&#8220;http:\/\/xn--holz-lgern-egg-bib.site\/site\/wp-content\/uploads\/2025\/05\/Lehmann11.jpg&#8220; title_text=&#8220;Lehmann11&#8243; _builder_version=&#8220;4.27.4&#8243; _module_preset=&#8220;default&#8220; global_colors_info=&#8220;{}&#8220;][\/et_pb_image][\/et_pb_column][et_pb_column type=&#8220;1_3&#8243; _builder_version=&#8220;4.27.4&#8243; _module_preset=&#8220;default&#8220; global_colors_info=&#8220;{}&#8220;][et_pb_image src=&#8220;http:\/\/xn--holz-lgern-egg-bib.site\/site\/wp-content\/uploads\/2025\/05\/Lehmann12.jpg&#8220; title_text=&#8220;Lehmann12&#8243; _builder_version=&#8220;4.27.4&#8243; _module_preset=&#8220;default&#8220; global_colors_info=&#8220;{}&#8220;][\/et_pb_image][\/et_pb_column][\/et_pb_row][et_pb_row column_structure=&#8220;1_3,1_3,1_3&#8243; _builder_version=&#8220;4.27.4&#8243; _module_preset=&#8220;default&#8220; global_colors_info=&#8220;{}&#8220;][et_pb_column type=&#8220;1_3&#8243; _builder_version=&#8220;4.27.4&#8243; _module_preset=&#8220;default&#8220; global_colors_info=&#8220;{}&#8220;][et_pb_image src=&#8220;http:\/\/xn--holz-lgern-egg-bib.site\/site\/wp-content\/uploads\/2025\/05\/Lehmann13.jpg&#8220; title_text=&#8220;Lehmann13&#8243; _builder_version=&#8220;4.27.4&#8243; _module_preset=&#8220;default&#8220; global_colors_info=&#8220;{}&#8220;][\/et_pb_image][\/et_pb_column][et_pb_column type=&#8220;1_3&#8243; _builder_version=&#8220;4.27.4&#8243; _module_preset=&#8220;default&#8220; global_colors_info=&#8220;{}&#8220;][et_pb_image src=&#8220;http:\/\/xn--holz-lgern-egg-bib.site\/site\/wp-content\/uploads\/2025\/05\/Lehmann14.jpg&#8220; title_text=&#8220;Lehmann14&#8243; _builder_version=&#8220;4.27.4&#8243; _module_preset=&#8220;default&#8220; global_colors_info=&#8220;{}&#8220;][\/et_pb_image][\/et_pb_column][et_pb_column type=&#8220;1_3&#8243; _builder_version=&#8220;4.27.4&#8243; _module_preset=&#8220;default&#8220; global_colors_info=&#8220;{}&#8220;][et_pb_image src=&#8220;http:\/\/xn--holz-lgern-egg-bib.site\/site\/wp-content\/uploads\/2025\/05\/Lehmann15.jpg&#8220; title_text=&#8220;Lehmann15&#8243; _builder_version=&#8220;4.27.4&#8243; _module_preset=&#8220;default&#8220; global_colors_info=&#8220;{}&#8220;][\/et_pb_image][\/et_pb_column][\/et_pb_row][et_pb_row column_structure=&#8220;1_3,1_3,1_3&#8243; _builder_version=&#8220;4.27.4&#8243; _module_preset=&#8220;default&#8220; global_colors_info=&#8220;{}&#8220;][et_pb_column type=&#8220;1_3&#8243; _builder_version=&#8220;4.27.4&#8243; _module_preset=&#8220;default&#8220; global_colors_info=&#8220;{}&#8220;][et_pb_image src=&#8220;http:\/\/xn--holz-lgern-egg-bib.site\/site\/wp-content\/uploads\/2025\/05\/Lehmann16.jpg&#8220; title_text=&#8220;Lehmann16&#8243; _builder_version=&#8220;4.27.4&#8243; _module_preset=&#8220;default&#8220; global_colors_info=&#8220;{}&#8220;][\/et_pb_image][\/et_pb_column][et_pb_column type=&#8220;1_3&#8243; _builder_version=&#8220;4.27.4&#8243; _module_preset=&#8220;default&#8220; global_colors_info=&#8220;{}&#8220;][et_pb_image src=&#8220;http:\/\/xn--holz-lgern-egg-bib.site\/site\/wp-content\/uploads\/2025\/05\/Lehmann19-scaled.jpg&#8220; title_text=&#8220;Lehmann19&#8243; _builder_version=&#8220;4.27.4&#8243; _module_preset=&#8220;default&#8220; global_colors_info=&#8220;{}&#8220;][\/et_pb_image][\/et_pb_column][et_pb_column type=&#8220;1_3&#8243; _builder_version=&#8220;4.27.4&#8243; _module_preset=&#8220;default&#8220; global_colors_info=&#8220;{}&#8220;][et_pb_image src=&#8220;http:\/\/xn--holz-lgern-egg-bib.site\/site\/wp-content\/uploads\/2025\/05\/Lehmann18.jpg&#8220; title_text=&#8220;Lehmann18&#8243; _builder_version=&#8220;4.27.4&#8243; _module_preset=&#8220;default&#8220; global_colors_info=&#8220;{}&#8220;][\/et_pb_image][\/et_pb_column][\/et_pb_row][et_pb_row _builder_version=&#8220;4.27.4&#8243; _module_preset=&#8220;default&#8220; global_colors_info=&#8220;{}&#8220;][et_pb_column type=&#8220;4_4&#8243; _builder_version=&#8220;4.27.4&#8243; _module_preset=&#8220;default&#8220; global_colors_info=&#8220;{}&#8220;][et_pb_text _builder_version=&#8220;4.27.4&#8243; _module_preset=&#8220;default&#8220; global_colors_info=&#8220;{}&#8220;]<\/p>\n<p>Seit 1878 befassen wir uns mit dem Holzbau und sind auch heute \u2013 in f\u00fcnfter Generation \u2013 bestrebt, unsere Kundschaft fachm\u00e4nnisch und kompetent zu betreuen. In unserem modern eingerichteten Betrieb besch\u00e4ftigen wir rund 50 Mitarbeiter\/innen. Junge Leute haben die M\u00f6glichkeit, sich bei uns zum Zimmermann\/Zimmerin, wie auch zum Holzbearbeiter\/Holzbearbeiterin ausbilden zu lassen.<br \/>Handwerkliches K\u00f6nnen und grosse Erfahrung bilden seit vielen Jahren das Fundament unseres Unternehmens. Hinzu kommt der Wille unser Wissen und unsere Infrastruktur stets dem technischen Fortschritt anzupassen und zum Vorteil unserer Kunden einzusetzen. Deshalb hat sich unser Betrieb im Laufe der Zeit kontinuierlich Kompetenz in neuen T\u00e4tigkeitsfeldern erworben.<br \/>Nebst einer rationellen Produktion setzen wir uns auch zum Ziel, umweltschonende Investitionen zu t\u00e4tigen. So produzieren wir rund die H\u00e4lfte des j\u00e4hrlichen Strombedarfs mit unserer eigenen Photovoltaikanlage. Seit 1990 sind wir auch Lieferant von Fernw\u00e4rme. Mit dem Restholz aus dem eigenen Betrieb und Brennholz aus dem nahen Wald beheizen wir mittlerweile 45 Liegenschaften in Schneisingen.<br \/>Unser Unternehmen pflegt eine Vertrauenskultur durch Aufmerksamkeit, Zuverl\u00e4ssigkeit und Berechenbarkeit gegen\u00fcber unseren Kunden, Lieferanten und Mitarbeiter\/innen. Dadurch sind wir glaubw\u00fcrdige und kundenorientierte Gesch\u00e4ftspartner, getreu nach unserem Motto:<\/p>\n<p style=\"text-align: center;\"><strong>\u00abWir leben f\u00fcrs Bauen, wir bauen f\u00fcrs Leben &#8211; auch f\u00fcr SIE\u00bb<\/strong><\/p>\n<p>&nbsp;<\/p>\n<p>[\/et_pb_text][\/et_pb_column][\/et_pb_row][\/et_pb_section][et_pb_section fb_built=&#8220;1&#8243; _builder_version=&#8220;4.27.4&#8243; _module_preset=&#8220;default&#8220; global_colors_info=&#8220;{}&#8220;][\/et_pb_section]<\/p>\n","protected":false},"excerpt":{"rendered":"<p>Josef Lehmann Holzbau AG Wir beziehen unser Holz und unsere Holzwerkstoffe von verschiedenen S\u00e4gereien, Hobelwerken und H\u00e4ndlern aus der Region. Die Holzprodukte werden als kubische Rohware oder profilierten Schalungen bei uns angeliefert und wir verarbeiten diese weiter zu Holzkonstruktion, Holzfassaden und \u2013verkleidungen oder ganzen Holzelementh\u00e4usern. Rest- und Abbruchholz dient in unserer eigenen Fernheizung als Energielieferant.Klassischer [&hellip;]<\/p>\n","protected":false},"author":1,"featured_media":0,"parent":0,"menu_order":0,"comment_status":"closed","ping_status":"closed","template":"","meta":{"_et_pb_use_builder":"on","_et_pb_old_content":"","_et_gb_content_width":"","footnotes":""},"class_list":["post-31","page","type-page","status-publish","hentry"],"_links":{"self":[{"href":"https:\/\/xn--holz-lgern-egg-bib.site\/site\/index.php?rest_route=\/wp\/v2\/pages\/31","targetHints":{"allow":["GET"]}}],"collection":[{"href":"https:\/\/xn--holz-lgern-egg-bib.site\/site\/index.php?rest_route=\/wp\/v2\/pages"}],"about":[{"href":"https:\/\/xn--holz-lgern-egg-bib.site\/site\/index.php?rest_route=\/wp\/v2\/types\/page"}],"author":[{"embeddable":true,"href":"https:\/\/xn--holz-lgern-egg-bib.site\/site\/index.php?rest_route=\/wp\/v2\/users\/1"}],"replies":[{"embeddable":true,"href":"https:\/\/xn--holz-lgern-egg-bib.site\/site\/index.php?rest_route=%2Fwp%2Fv2%2Fcomments&post=31"}],"version-history":[{"count":8,"href":"https:\/\/xn--holz-lgern-egg-bib.site\/site\/index.php?rest_route=\/wp\/v2\/pages\/31\/revisions"}],"predecessor-version":[{"id":339,"href":"https:\/\/xn--holz-lgern-egg-bib.site\/site\/index.php?rest_route=\/wp\/v2\/pages\/31\/revisions\/339"}],"wp:attachment":[{"href":"https:\/\/xn--holz-lgern-egg-bib.site\/site\/index.php?rest_route=%2Fwp%2Fv2%2Fmedia&parent=31"}],"curies":[{"name":"wp","href":"https:\/\/api.w.org\/{rel}","templated":true}]}}