{"id":306,"date":"2025-08-04T14:50:14","date_gmt":"2025-08-04T14:50:14","guid":{"rendered":"https:\/\/xn--holz-lgern-egg-bib.site\/site\/?page_id=306"},"modified":"2025-08-05T05:54:38","modified_gmt":"2025-08-05T05:54:38","slug":"sagi-faescht","status":"publish","type":"page","link":"https:\/\/xn--holz-lgern-egg-bib.site\/site\/?page_id=306","title":{"rendered":"Sagi-F\u00e4scht"},"content":{"rendered":"<p>[et_pb_section fb_built=&#8220;1&#8243; _builder_version=&#8220;4.27.4&#8243; _module_preset=&#8220;default&#8220; global_colors_info=&#8220;{}&#8220;][et_pb_row _builder_version=&#8220;4.27.4&#8243; _module_preset=&#8220;default&#8220; global_colors_info=&#8220;{}&#8220;][et_pb_column type=&#8220;4_4&#8243; _builder_version=&#8220;4.27.4&#8243; _module_preset=&#8220;default&#8220; global_colors_info=&#8220;{}&#8220;][et_pb_text _builder_version=&#8220;4.27.4&#8243; _module_preset=&#8220;default&#8220; global_colors_info=&#8220;{}&#8220;]<\/p>\n<h1>Sagi-F\u00e4scht in Bachs<\/h1>\n<h1>am Samstag 13. September ab 20 Uhr<\/h1>\n<p>[\/et_pb_text][et_pb_countdown_timer title=&#8220;Es geht noch&#8230;.:&#8220; date_time=&#8220;2025-09-13 20:00&#8243; _builder_version=&#8220;4.27.4&#8243; _module_preset=&#8220;default&#8220; global_colors_info=&#8220;{}&#8220;][\/et_pb_countdown_timer][\/et_pb_column][\/et_pb_row][et_pb_row column_structure=&#8220;2_5,3_5&#8243; _builder_version=&#8220;4.27.4&#8243; _module_preset=&#8220;default&#8220; global_colors_info=&#8220;{}&#8220;][et_pb_column type=&#8220;2_5&#8243; _builder_version=&#8220;4.27.4&#8243; _module_preset=&#8220;default&#8220; global_colors_info=&#8220;{}&#8220;][et_pb_image src=&#8220;http:\/\/xn--holz-lgern-egg-bib.site\/site\/wp-content\/uploads\/2025\/08\/Alpen-Party-Band.jpg&#8220; title_text=&#8220;Alpen Party Band&#8220; _builder_version=&#8220;4.27.4&#8243; _module_preset=&#8220;default&#8220; global_colors_info=&#8220;{}&#8220;][\/et_pb_image][et_pb_text _builder_version=&#8220;4.27.4&#8243; _module_preset=&#8220;default&#8220; global_colors_info=&#8220;{}&#8220;]<\/p>\n<h2 style=\"text-align: center;\">Dorfstrasse 25 &#8211; 8164 Bachs\/ZH<\/h2>\n<p>[\/et_pb_text][\/et_pb_column][et_pb_column type=&#8220;3_5&#8243; _builder_version=&#8220;4.27.4&#8243; _module_preset=&#8220;default&#8220; global_colors_info=&#8220;{}&#8220;][et_pb_text _builder_version=&#8220;4.27.4&#8243; _module_preset=&#8220;default&#8220; hover_enabled=&#8220;0&#8243; global_colors_info=&#8220;{}&#8220; sticky_enabled=&#8220;0&#8243;]<\/p>\n<h1><span>Wir freuen uns auf Euch!<\/span><\/h1>\n<p><strong>\u00a0<\/strong><span>Im Rahmen der Tage des Schweizer Holzes laden wir Kunden, Gesch\u00e4ftspartner und die ganze Bev\u00f6lkerung zu <\/span><span>unserem Event nach Bachs ein.<\/span><\/p>\n<p><span><\/span><\/p>\n<p><span style=\"text-decoration: underline;\">Es gibt den ganzen Tag Programm<\/span><span><\/span><\/p>\n<p>9 bis 16 Uhr<\/p>\n<ul>\n<li><span>Offene T\u00fcren im ganzen Betrieb F\u00fchrungen durch die Produktion<\/span><\/li>\n<li><span>Festwirtschaft<\/span><\/li>\n<li><span>Attraktionen f\u00fcr die ganze Familie:<\/span><\/li>\n<li><span>Ponyreiten \/ H\u00fcpfburg \/ Nageln \/ Jenga usw. Holzuntersetzer selbst basteln in der Werkstatt<\/span><\/li>\n<li><span> Shuttlebusse zu den Partnerbetrieben<\/span><span><\/span><\/li>\n<\/ul>\n<p><span><\/span>16 bis 19 Uhr<\/p>\n<ul>\n<li>Musikalische Unterhaltung in der Festwirtschaft<\/li>\n<\/ul>\n<p><span><\/span>ab 20 Uhr<\/p>\n<ul>\n<li><strong>Sagi-F\u00e4scht mit der Alpen-Party Band<\/strong><\/li>\n<\/ul>\n<p><span><\/span><\/p>\n<p>Gen\u00fcgend Parkpl\u00e4tze vorhanden. Bitte Einweisung beachten<\/p>\n<p>[\/et_pb_text][\/et_pb_column][\/et_pb_row][et_pb_row _builder_version=&#8220;4.27.4&#8243; _module_preset=&#8220;default&#8220; global_colors_info=&#8220;{}&#8220;][et_pb_column type=&#8220;4_4&#8243; _builder_version=&#8220;4.27.4&#8243; _module_preset=&#8220;default&#8220; global_colors_info=&#8220;{}&#8220;][et_pb_image src=&#8220;http:\/\/xn--holz-lgern-egg-bib.site\/site\/wp-content\/uploads\/2025\/08\/Party-1.jpg&#8220; title_text=&#8220;Confetti fireworks above the crowd on music festival.&#8220; _builder_version=&#8220;4.27.4&#8243; _module_preset=&#8220;default&#8220; global_colors_info=&#8220;{}&#8220;][\/et_pb_image][\/et_pb_column][\/et_pb_row][\/et_pb_section]<\/p>\n","protected":false},"excerpt":{"rendered":"<p>Sagi-F\u00e4scht in Bachs am Samstag 13. September ab 20 UhrDorfstrasse 25 &#8211; 8164 Bachs\/ZHWir freuen uns auf Euch! \u00a0Im Rahmen der Tage des Schweizer Holzes laden wir Kunden, Gesch\u00e4ftspartner und die ganze Bev\u00f6lkerung zu unserem Event nach Bachs ein. Es gibt den ganzen Tag Programm 9 bis 16 Uhr Offene T\u00fcren im ganzen Betrieb F\u00fchrungen [&hellip;]<\/p>\n","protected":false},"author":1,"featured_media":0,"parent":0,"menu_order":0,"comment_status":"closed","ping_status":"closed","template":"","meta":{"_et_pb_use_builder":"on","_et_pb_old_content":"","_et_gb_content_width":"","footnotes":""},"class_list":["post-306","page","type-page","status-publish","hentry"],"_links":{"self":[{"href":"https:\/\/xn--holz-lgern-egg-bib.site\/site\/index.php?rest_route=\/wp\/v2\/pages\/306","targetHints":{"allow":["GET"]}}],"collection":[{"href":"https:\/\/xn--holz-lgern-egg-bib.site\/site\/index.php?rest_route=\/wp\/v2\/pages"}],"about":[{"href":"https:\/\/xn--holz-lgern-egg-bib.site\/site\/index.php?rest_route=\/wp\/v2\/types\/page"}],"author":[{"embeddable":true,"href":"https:\/\/xn--holz-lgern-egg-bib.site\/site\/index.php?rest_route=\/wp\/v2\/users\/1"}],"replies":[{"embeddable":true,"href":"https:\/\/xn--holz-lgern-egg-bib.site\/site\/index.php?rest_route=%2Fwp%2Fv2%2Fcomments&post=306"}],"version-history":[{"count":11,"href":"https:\/\/xn--holz-lgern-egg-bib.site\/site\/index.php?rest_route=\/wp\/v2\/pages\/306\/revisions"}],"predecessor-version":[{"id":336,"href":"https:\/\/xn--holz-lgern-egg-bib.site\/site\/index.php?rest_route=\/wp\/v2\/pages\/306\/revisions\/336"}],"wp:attachment":[{"href":"https:\/\/xn--holz-lgern-egg-bib.site\/site\/index.php?rest_route=%2Fwp%2Fv2%2Fmedia&parent=306"}],"curies":[{"name":"wp","href":"https:\/\/api.w.org\/{rel}","templated":true}]}}