{"id":26,"date":"2025-02-14T11:52:51","date_gmt":"2025-02-14T11:52:51","guid":{"rendered":"https:\/\/xn--holz-lgern-egg-bib.site\/site\/?page_id=26"},"modified":"2025-07-02T06:28:28","modified_gmt":"2025-07-02T06:28:28","slug":"26-2","status":"publish","type":"page","link":"https:\/\/xn--holz-lgern-egg-bib.site\/site\/?page_id=26","title":{"rendered":"Holzindustrie"},"content":{"rendered":"<p>[et_pb_section fb_built=&#8220;1&#8243; _builder_version=&#8220;4.27.4&#8243; _module_preset=&#8220;default&#8220; global_colors_info=&#8220;{}&#8220;][et_pb_row column_structure=&#8220;2_5,3_5&#8243; _builder_version=&#8220;4.27.4&#8243; _module_preset=&#8220;default&#8220; global_colors_info=&#8220;{}&#8220;][et_pb_column type=&#8220;2_5&#8243; _builder_version=&#8220;4.27.4&#8243; _module_preset=&#8220;default&#8220; global_colors_info=&#8220;{}&#8220;][et_pb_image src=&#8220;http:\/\/xn--holz-lgern-egg-bib.site\/site\/wp-content\/uploads\/2025\/02\/Wirth-Logo-gross.png&#8220; title_text=&#8220;Wirth Logo gross&#8220; url=&#8220;http:\/\/wirth-holz.ch&#8220; url_new_window=&#8220;on&#8220; _builder_version=&#8220;4.27.4&#8243; _module_preset=&#8220;default&#8220; global_colors_info=&#8220;{}&#8220;][\/et_pb_image][\/et_pb_column][et_pb_column type=&#8220;3_5&#8243; _builder_version=&#8220;4.27.4&#8243; _module_preset=&#8220;default&#8220; global_colors_info=&#8220;{}&#8220;][et_pb_text _builder_version=&#8220;4.27.4&#8243; _module_preset=&#8220;default&#8220; custom_padding=&#8220;||9px|||&#8220; global_colors_info=&#8220;{}&#8220;]<\/p>\n<h1>Wirth AG, S\u00e4gerei und Kistenfabrik in Bachs<\/h1>\n<p>In unserer Verarbeitungskette sind wir als S\u00e4gerei und Hobelwek das Bindeglied zwischen dem Wald und den Verarbeitern. Die Holzst\u00e4mme aus dem Forst kaufen wir vom Forstbetrieb und fertigen daraus Bretter, Latten, Balken, Fassaden un Terrassen.<\/p>\n<p>Die Wirth AG ist ein Inhabergef\u00fchrtes Familienunternehmen und ein wichtiger Arbeitgeber im Bachsertal.<\/p>\n<p>[\/et_pb_text][et_pb_image src=&#8220;http:\/\/xn--holz-lgern-egg-bib.site\/site\/wp-content\/uploads\/2025\/03\/Schweizer-Holz-logo-Wirth-AG.png&#8220; title_text=&#8220;Schweizer Holz logo Wirth AG&#8220; _builder_version=&#8220;4.27.4&#8243; _module_preset=&#8220;default&#8220; width=&#8220;37%&#8220; global_colors_info=&#8220;{}&#8220;][\/et_pb_image][\/et_pb_column][\/et_pb_row][\/et_pb_section][et_pb_section fb_built=&#8220;1&#8243; _builder_version=&#8220;4.27.4&#8243; _module_preset=&#8220;default&#8220; global_colors_info=&#8220;{}&#8220;][et_pb_row column_structure=&#8220;2_5,3_5&#8243; _builder_version=&#8220;4.27.4&#8243; _module_preset=&#8220;default&#8220; global_colors_info=&#8220;{}&#8220;][et_pb_column type=&#8220;2_5&#8243; _builder_version=&#8220;4.27.4&#8243; _module_preset=&#8220;default&#8220; global_colors_info=&#8220;{}&#8220;][et_pb_image src=&#8220;http:\/\/xn--holz-lgern-egg-bib.site\/site\/wp-content\/uploads\/2025\/03\/Holzplatz-1.jpg&#8220; title_text=&#8220;Holzplatz 1&#8243; _builder_version=&#8220;4.27.4&#8243; _module_preset=&#8220;default&#8220; global_colors_info=&#8220;{}&#8220;][\/et_pb_image][et_pb_text _builder_version=&#8220;4.27.4&#8243; _module_preset=&#8220;default&#8220; global_colors_info=&#8220;{}&#8220;]<\/p>\n<h3>Einschnitt im Gatter<\/h3>\n<p>&nbsp;<\/p>\n<p>Das \u201eeiserne Herz\u201c unseres Betriebs ist die Gatters\u00e4ge. Dort werden runde St\u00e4mme zu Brettern ges\u00e4gt. Unsere Maschine wurde neu auf einem bew\u00e4hrten Gussrahmen aufgebaut.<\/p>\n<p>&nbsp;<\/p>\n<p>Wir s\u00e4gen bei uns:<\/p>\n<ul>\n<li>Fichte\u00a0 (Rottanne)<\/li>\n<li>F\u00f6hre (Waldkiefer)<\/li>\n<li>L\u00e4rche<\/li>\n<li>Douglasie<\/li>\n<li>Tanne (Weisstanne)<\/li>\n<li>Buche<\/li>\n<li>Eiche<\/li>\n<\/ul>\n<p>[\/et_pb_text][\/et_pb_column][et_pb_column type=&#8220;3_5&#8243; _builder_version=&#8220;4.27.4&#8243; _module_preset=&#8220;default&#8220; global_colors_info=&#8220;{}&#8220;][et_pb_text _builder_version=&#8220;4.27.4&#8243; _module_preset=&#8220;default&#8220; global_colors_info=&#8220;{}&#8220;]<\/p>\n<h3>Vom Wald in die S\u00e4gerei<\/h3>\n<p>Wir kaufen bei Forstbetrieben und Privatwaldbesitzern Rundholzst\u00e4mme ein und transportieren diese auf unseren Holzplatz. Unser Holz kaufen wir rund 25 km um unseren Standort und transportieren den gr\u00f6ssten Teil selber zu unserer S\u00e4gerei.<\/p>\n<p>Die S\u00e4gerei mit der Zuf\u00fchrung vom Rundholzplatz ist in unserem Produktionsprozess die erste Station. Hier werden aus den runden St\u00e4mmen Bretter geschnitten, die dann weiter verarbeitet werden.<\/p>\n<p>Auf dem Gel\u00e4nde unseres historisch gewachsenen Betriebs haben wir nicht \u00fcberm\u00e4ssig viel Freifl\u00e4che. Entsprechend braucht es bei uns eine gute Koordination der Warenfl\u00fcsse und der internen Logistik zwischen den verschiedenen Arbeitsbereichen.<\/p>\n<p>[\/et_pb_text][et_pb_image src=&#8220;http:\/\/xn--holz-lgern-egg-bib.site\/site\/wp-content\/uploads\/2025\/06\/A7400544-scaled.jpg&#8220; title_text=&#8220;A7400544&#8243; _builder_version=&#8220;4.27.4&#8243; _module_preset=&#8220;default&#8220; global_colors_info=&#8220;{}&#8220;][\/et_pb_image][\/et_pb_column][\/et_pb_row][et_pb_row column_structure=&#8220;2_5,3_5&#8243; _builder_version=&#8220;4.27.4&#8243; _module_preset=&#8220;default&#8220; global_colors_info=&#8220;{}&#8220;][et_pb_column type=&#8220;2_5&#8243; _builder_version=&#8220;4.27.4&#8243; _module_preset=&#8220;default&#8220; global_colors_info=&#8220;{}&#8220;][et_pb_image src=&#8220;http:\/\/xn--holz-lgern-egg-bib.site\/site\/wp-content\/uploads\/2025\/03\/Wirth-Weinig-PM3000.jpg&#8220; title_text=&#8220;Wirth Weinig PM3000&#8243; _builder_version=&#8220;4.27.4&#8243; _module_preset=&#8220;default&#8220; global_colors_info=&#8220;{}&#8220;][\/et_pb_image][et_pb_image src=&#8220;http:\/\/xn--holz-lgern-egg-bib.site\/site\/wp-content\/uploads\/2025\/03\/Hobelwaren-3-Profile-scaled.jpg&#8220; title_text=&#8220;Hobelwaren 3 Profile&#8220; _builder_version=&#8220;4.27.4&#8243; _module_preset=&#8220;default&#8220; global_colors_info=&#8220;{}&#8220;][\/et_pb_image][\/et_pb_column][et_pb_column type=&#8220;3_5&#8243; _builder_version=&#8220;4.27.4&#8243; _module_preset=&#8220;default&#8220; global_colors_info=&#8220;{}&#8220;][et_pb_text _builder_version=&#8220;4.27.4&#8243; _module_preset=&#8220;default&#8220; global_colors_info=&#8220;{}&#8220;]<\/p>\n<h3>Ein Hobelwerk<\/h3>\n<p>In unserer Produktion steht ein Hobelautomat des Weltmarktf\u00fchrers Weinig mit 8 Werkzeugspindeln. Wir k\u00f6nnen mit dieser Maschine rationell und hoch pr\u00e4zise Profile produzieren.<\/p>\n<p>Hobelware ist bearbeitetes, also profiliertes, Massivholz, welches h\u00e4ufig bei Fassaden, W\u00e4nden, B\u00f6den und Decken eingesetzt wird. Es ist ein Holzprodukt, welches durch Hobeln in die gew\u00fcnschte Form gebracht wird.<\/p>\n<p>Wir produzieren auf Kundenwunsch aus Schweizer Holz:<\/p>\n<p>\u00a0\u2013 Fassaden<\/p>\n<p>\u00a0\u2013 Terassen<\/p>\n<p>\u00a0\u2013 B\u00f6den<\/p>\n<p>\u00a0\u2013 Decken<\/p>\n<p>\u00a0\u2013 Profilleisten<\/p>\n<p>&nbsp;<\/p>\n<p>[\/et_pb_text][et_pb_text _builder_version=&#8220;4.27.4&#8243; _module_preset=&#8220;default&#8220; global_colors_info=&#8220;{}&#8220;]<\/p>\n<p>Wir beliefern direkt Verarbeiter wie Zimmereien, Schreiner, G\u00e4rtner oder auch Private mit unseren Produkten. Gr\u00fcnds\u00e4tzlich fertigen wir alles auf Kundenwunsch und k\u00f6nnen auch weiter verarbeitete und beschichtete Hobelwaren liefern.<\/p>\n<p>[\/et_pb_text][\/et_pb_column][\/et_pb_row][et_pb_row column_structure=&#8220;2_3,1_3&#8243; _builder_version=&#8220;4.27.4&#8243; _module_preset=&#8220;default&#8220; global_colors_info=&#8220;{}&#8220;][et_pb_column type=&#8220;2_3&#8243; _builder_version=&#8220;4.27.4&#8243; _module_preset=&#8220;default&#8220; global_colors_info=&#8220;{}&#8220;][et_pb_text _builder_version=&#8220;4.27.4&#8243; _module_preset=&#8220;default&#8220; global_colors_info=&#8220;{}&#8220;]<\/p>\n<h3>Kisten und Paletten<\/h3>\n<p>Unser wichtigstes Standbein ist die Kisten- und Palettenfabrikation. Durch die Verwertung des Verpackungsholzes k\u00f6nnen wir die Vorproduktion in der S\u00e4gerei exakt auf die Produktion abstimmen. Wir haben den Anspruch qualitativ hochstehende und trotzdem kosteng\u00fcnstige Verpackungen herzustellen.<\/p>\n<p>Wir produzieren je nach Wunsch und Bedarf der Kunden massgeschneiderte Einzelst\u00fccke bis hin zu Serienprodukten. Unsere auf Mass gezimmerten Transportkisten f\u00fcr Land-, Luft und Seefracht bringen G\u00fcter weltweit unversehrt an ihren Bestimmungsort.<\/p>\n<p>[\/et_pb_text][\/et_pb_column][et_pb_column type=&#8220;1_3&#8243; _builder_version=&#8220;4.27.4&#8243; _module_preset=&#8220;default&#8220; global_colors_info=&#8220;{}&#8220;][et_pb_image src=&#8220;http:\/\/xn--holz-lgern-egg-bib.site\/site\/wp-content\/uploads\/2025\/03\/Kisten-Produktion.jpg&#8220; title_text=&#8220;Kisten Produktion&#8220; _builder_version=&#8220;4.27.4&#8243; _module_preset=&#8220;default&#8220; global_colors_info=&#8220;{}&#8220;][\/et_pb_image][et_pb_image src=&#8220;http:\/\/xn--holz-lgern-egg-bib.site\/site\/wp-content\/uploads\/2025\/03\/DSC03801.jpg&#8220; title_text=&#8220;DSC03801&#8243; _builder_version=&#8220;4.27.4&#8243; _module_preset=&#8220;default&#8220; global_colors_info=&#8220;{}&#8220;][\/et_pb_image][\/et_pb_column][\/et_pb_row][et_pb_row _builder_version=&#8220;4.27.4&#8243; _module_preset=&#8220;default&#8220; global_colors_info=&#8220;{}&#8220;][et_pb_column type=&#8220;4_4&#8243; _builder_version=&#8220;4.27.4&#8243; _module_preset=&#8220;default&#8220; global_colors_info=&#8220;{}&#8220;][et_pb_text _builder_version=&#8220;4.27.4&#8243; _module_preset=&#8220;default&#8220; global_colors_info=&#8220;{}&#8220;]<\/p>\n<h3>Seit 1936 in Bachs \u2013 Ein Familienunternehmen in der 4. Generation<\/h3>\n<p>Alles begann 1936 mit Richard Wirth, in einer kleinen S\u00e4gerei und Wagnerei im Dorfkern von Bachs, im Kanton Z\u00fcrich.<\/p>\n<p>Heute ist die Wirth AG als Familienunternehmen in der 4. Generation, auf Basis der S\u00e4gerei erfolgreich t\u00e4tig und hat sich zu einem hochspezialisierten Industriezulieferer entwickelt. Unsere eigene Rohware ist f\u00fcr uns wichtig. Wir produzieren regional und nachhaltig. Das Holz k\u00f6nnen wir in verschiedenen Bereichen einsetzen.<\/p>\n<p>Nachhaltigkeit bedeutet: kurze Wege vom Forst in unseren Betrieb und die umfassende Nutzung des wertvollen Rohstoffs.<\/p>\n<p>[\/et_pb_text][\/et_pb_column][\/et_pb_row][\/et_pb_section]<\/p>\n","protected":false},"excerpt":{"rendered":"<p>Wirth AG, S\u00e4gerei und Kistenfabrik in Bachs In unserer Verarbeitungskette sind wir als S\u00e4gerei und Hobelwek das Bindeglied zwischen dem Wald und den Verarbeitern. Die Holzst\u00e4mme aus dem Forst kaufen wir vom Forstbetrieb und fertigen daraus Bretter, Latten, Balken, Fassaden un Terrassen. Die Wirth AG ist ein Inhabergef\u00fchrtes Familienunternehmen und ein wichtiger Arbeitgeber im Bachsertal.Einschnitt [&hellip;]<\/p>\n","protected":false},"author":1,"featured_media":0,"parent":0,"menu_order":0,"comment_status":"closed","ping_status":"closed","template":"","meta":{"_et_pb_use_builder":"on","_et_pb_old_content":"","_et_gb_content_width":"","footnotes":""},"class_list":["post-26","page","type-page","status-publish","hentry"],"_links":{"self":[{"href":"https:\/\/xn--holz-lgern-egg-bib.site\/site\/index.php?rest_route=\/wp\/v2\/pages\/26","targetHints":{"allow":["GET"]}}],"collection":[{"href":"https:\/\/xn--holz-lgern-egg-bib.site\/site\/index.php?rest_route=\/wp\/v2\/pages"}],"about":[{"href":"https:\/\/xn--holz-lgern-egg-bib.site\/site\/index.php?rest_route=\/wp\/v2\/types\/page"}],"author":[{"embeddable":true,"href":"https:\/\/xn--holz-lgern-egg-bib.site\/site\/index.php?rest_route=\/wp\/v2\/users\/1"}],"replies":[{"embeddable":true,"href":"https:\/\/xn--holz-lgern-egg-bib.site\/site\/index.php?rest_route=%2Fwp%2Fv2%2Fcomments&post=26"}],"version-history":[{"count":20,"href":"https:\/\/xn--holz-lgern-egg-bib.site\/site\/index.php?rest_route=\/wp\/v2\/pages\/26\/revisions"}],"predecessor-version":[{"id":286,"href":"https:\/\/xn--holz-lgern-egg-bib.site\/site\/index.php?rest_route=\/wp\/v2\/pages\/26\/revisions\/286"}],"wp:attachment":[{"href":"https:\/\/xn--holz-lgern-egg-bib.site\/site\/index.php?rest_route=%2Fwp%2Fv2%2Fmedia&parent=26"}],"curies":[{"name":"wp","href":"https:\/\/api.w.org\/{rel}","templated":true}]}}