{"id":17,"date":"2025-02-14T11:48:39","date_gmt":"2025-02-14T11:48:39","guid":{"rendered":"https:\/\/xn--holz-lgern-egg-bib.site\/site\/?page_id=17"},"modified":"2025-08-18T06:50:28","modified_gmt":"2025-08-18T06:50:28","slug":"17-2","status":"publish","type":"page","link":"https:\/\/xn--holz-lgern-egg-bib.site\/site\/?page_id=17","title":{"rendered":"Forstbetrieb"},"content":{"rendered":"<p>[et_pb_section fb_built=&#8220;1&#8243; _builder_version=&#8220;4.27.4&#8243; _module_preset=&#8220;default&#8220; global_colors_info=&#8220;{}&#8220;][et_pb_row column_structure=&#8220;2_5,3_5&#8243; _builder_version=&#8220;4.27.4&#8243; _module_preset=&#8220;default&#8220; global_colors_info=&#8220;{}&#8220;][et_pb_column type=&#8220;2_5&#8243; _builder_version=&#8220;4.27.4&#8243; _module_preset=&#8220;default&#8220; global_colors_info=&#8220;{}&#8220;][et_pb_image src=&#8220;http:\/\/xn--holz-lgern-egg-bib.site\/site\/wp-content\/uploads\/2025\/02\/Forst_Wehntal_Logo_farbe_RGB-1-1024&#215;256-1.png&#8220; title_text=&#8220;Forst_Wehntal_Logo_farbe_RGB-1-1024&#215;256&#8243; _builder_version=&#8220;4.27.4&#8243; _module_preset=&#8220;default&#8220; hover_enabled=&#8220;0&#8243; global_colors_info=&#8220;{}&#8220; url_new_window=&#8220;on&#8220; url=&#8220;https:\/\/forst-wehntal.ch\/&#8220; sticky_enabled=&#8220;0&#8243;][\/et_pb_image][\/et_pb_column][et_pb_column type=&#8220;3_5&#8243; _builder_version=&#8220;4.27.4&#8243; _module_preset=&#8220;default&#8220; global_colors_info=&#8220;{}&#8220;][et_pb_text _builder_version=&#8220;4.27.4&#8243; _module_preset=&#8220;default&#8220; global_colors_info=&#8220;{}&#8220;]<\/p>\n<h1>Fortsbetrieb Wehntal<\/h1>\n<p>[\/et_pb_text][et_pb_text _builder_version=&#8220;4.27.4&#8243; _module_preset=&#8220;default&#8220; global_colors_info=&#8220;{}&#8220;]<\/p>\n<p>Der Forstbetrieb und die Waldbesitzer sind der Anfang der Verarbeitungskette und liefern den Rohstoff. In den Holzschl\u00e4gen f\u00e4llen wir die B\u00e4ume, teilen sie in die Verkaufssortimente ein und lagern sie verkaufsfertig an den Waldstrassen. Das Rundholz verkaufen wir ab Waldstrasse an regionale S\u00e4gereien und Holzverarbeiter.<\/p>\n<p>[\/et_pb_text][\/et_pb_column][\/et_pb_row][\/et_pb_section][et_pb_section fb_built=&#8220;1&#8243; _builder_version=&#8220;4.27.4&#8243; _module_preset=&#8220;default&#8220; global_colors_info=&#8220;{}&#8220;][et_pb_row column_structure=&#8220;2_5,3_5&#8243; _builder_version=&#8220;4.27.4&#8243; _module_preset=&#8220;default&#8220; global_colors_info=&#8220;{}&#8220;][et_pb_column type=&#8220;2_5&#8243; _builder_version=&#8220;4.27.4&#8243; _module_preset=&#8220;default&#8220; global_colors_info=&#8220;{}&#8220;][et_pb_image src=&#8220;http:\/\/xn--holz-lgern-egg-bib.site\/site\/wp-content\/uploads\/2025\/05\/Forst-1-1-rotated.jpg&#8220; title_text=&#8220;Forst 1&#8243; _builder_version=&#8220;4.27.4&#8243; _module_preset=&#8220;default&#8220; global_colors_info=&#8220;{}&#8220;][\/et_pb_image][\/et_pb_column][et_pb_column type=&#8220;3_5&#8243; _builder_version=&#8220;4.27.4&#8243; _module_preset=&#8220;default&#8220; global_colors_info=&#8220;{}&#8220;][et_pb_text _builder_version=&#8220;4.27.4&#8243; _module_preset=&#8220;default&#8220; global_colors_info=&#8220;{}&#8220;]<\/p>\n<h2>Waldpflege und -Bewirtschaftung<\/h2>\n<p>Der Forstbetrieb ist f\u00fcr die Pflege und Nutzung unserer W\u00e4lder verantwortlich. Die Arbeiten im Wald sind abwechslungsreich und variieren je nach Jahreszeit.<br \/>Im Herbst und Winter liegt der Fokus auf der Holzernte. Die B\u00e4ume werden gr\u00f6sstenteils von Hand bzw. mit Motors\u00e4gen gef\u00e4llt und entastet. Anschliessend wird das geschlagene Holz mithilfe eines Forstspezialschleppers an die Waldstrasse gebracht und in marktgerechte Sortimente eingeschnitten. Das Rundholz wird ab Waldstrasse an eine S\u00e4gerei verkauft, damit ist unsere Arbeit abgeschlossen.<br \/>Von Fr\u00fchling bis Herbst stehen verschiedene Aufgaben an. Eine der wichtigsten ist die Jungwaldpflege. Wir unterst\u00fctzen gezielt junge B\u00e4ume im Alter von ca. 5 bis 25 Jahren, damit sie m\u00f6glichst schnell und in hoher Qualit\u00e4t an Holz zulegen k\u00f6nnen. Es kommt auch vor, dass die nat\u00fcrliche Verj\u00fcngung von B\u00e4umen an bestimmten Stellen im Wald nicht m\u00f6glich ist. In solchen F\u00e4llen pflanzen wir junge B\u00e4ume und pflegen diese \u00fcber Jahre hinweg. Weitere T\u00e4tigkeiten umfassen den Unterhalt von Waldstrassen, Erholungseinrichtungen und Kommunalarbeiten f\u00fcr die Gemeinden. In den letzten Jahren hat zudem die Bek\u00e4mpfung von Sch\u00e4dlingsbefall zunehmend an Bedeutung gewonnen, was uns dazu zwingt, auch im Sommer befallene B\u00e4ume zu f\u00e4llen.<strong><br \/><\/strong><\/p>\n<p>[\/et_pb_text][\/et_pb_column][\/et_pb_row][et_pb_row column_structure=&#8220;1_2,1_2&#8243; _builder_version=&#8220;4.27.4&#8243; _module_preset=&#8220;default&#8220; global_colors_info=&#8220;{}&#8220;][et_pb_column type=&#8220;1_2&#8243; _builder_version=&#8220;4.27.4&#8243; _module_preset=&#8220;default&#8220; global_colors_info=&#8220;{}&#8220;][et_pb_text _builder_version=&#8220;4.27.4&#8243; _module_preset=&#8220;default&#8220; global_colors_info=&#8220;{}&#8220;]<\/p>\n<h2>Holzernte &#8211; der Rohstoff f\u00fcr die weitere Verarbeitung<\/h2>\n<p>Unsere Infrastruktur umfasst einen Forstspezialschlepper. Sein Einsatzbereich liegt haupts\u00e4chlich in der Holzernte und erm\u00f6glicht es uns, das geschlagene Holz aus dem Bestand an eine Waldstrasse zu bringen. Ebenfalls werden bei uns gew\u00f6hnliche Landwirtschaftstraktoren eingesetzt, einerseits in der Holzernte aber auch im Sommer f\u00fcr den Waldstrassenunterhalt und weitere Arbeiten.<\/p>\n<p>[\/et_pb_text][et_pb_image src=&#8220;http:\/\/xn--holz-lgern-egg-bib.site\/site\/wp-content\/uploads\/2025\/05\/6aea72e4-7191-4eaf-9ed9-2c4006772247-scaled.jpg&#8220; title_text=&#8220;6aea72e4-7191-4eaf-9ed9-2c4006772247&#8243; _builder_version=&#8220;4.27.4&#8243; _module_preset=&#8220;default&#8220; width=&#8220;51%&#8220; global_colors_info=&#8220;{}&#8220;][\/et_pb_image][\/et_pb_column][et_pb_column type=&#8220;1_2&#8243; _builder_version=&#8220;4.27.4&#8243; _module_preset=&#8220;default&#8220; global_colors_info=&#8220;{}&#8220;][et_pb_image src=&#8220;http:\/\/xn--holz-lgern-egg-bib.site\/site\/wp-content\/uploads\/2025\/05\/Forst-2.jpg&#8220; title_text=&#8220;Forst 2&#8243; _builder_version=&#8220;4.27.4&#8243; _module_preset=&#8220;default&#8220; global_colors_info=&#8220;{}&#8220;][\/et_pb_image][et_pb_text _builder_version=&#8220;4.27.4&#8243; _module_preset=&#8220;default&#8220; global_colors_info=&#8220;{}&#8220;]<\/p>\n<p>Wir stehen am Anfang der Holzverarbeitungskette und liefern das Rohmaterial f\u00fcr die Weiterverarbeitung. Wir liefern aber nicht nur den Rohstoff f\u00fcr die Holzverarbeitung heute und morgen, sondern pflegen und bewirtschaften den Wald so, dass er auch \u00fcbermorgen den Holzbedarf der S\u00e4gereien decken kann. Neben der Produktion von Rundholz ist der Wald auch ein Naherholungsgebiet f\u00fcr die \u00d6ffentlichkeit. Wir sind stets bem\u00fcht, den Wald nicht nur wirtschaftlich, sondern auch erholsam zu gestalten.<\/p>\n<p>[\/et_pb_text][\/et_pb_column][\/et_pb_row][et_pb_row column_structure=&#8220;1_2,1_2&#8243; _builder_version=&#8220;4.27.4&#8243; _module_preset=&#8220;default&#8220; global_colors_info=&#8220;{}&#8220;][et_pb_column type=&#8220;1_2&#8243; _builder_version=&#8220;4.27.4&#8243; _module_preset=&#8220;default&#8220; global_colors_info=&#8220;{}&#8220;][et_pb_text _builder_version=&#8220;4.27.4&#8243; _module_preset=&#8220;default&#8220; global_colors_info=&#8220;{}&#8220;]<\/p>\n<h2>Unsere Betriebe<\/h2>\n<p>Der <strong>Forstbetrieb Wehntal<\/strong> ist als interkommunale Anstalt organisiert und bewirtschaftet die W\u00e4lder der Gemeinden Regensberg, Sch\u00f6fflisdorf, Oberweningen, Schleinikon und Niederweningen. Diese umfassen eine Waldfl\u00e4che von 1077 ha, was etwas mehr als 1500 Fussballfeldern entspricht. Unser Betrieb besch\u00e4ftigt einen F\u00f6rster\/Betriebsleiter, sechs Forstwarte und zwei Lehrlinge. In seiner jetzigen Form besteht der Forstbetrieb Wehntal seit dem Jahr 2023. Er wurde durch den Zusammenschluss zweier Forstbetriebe gegr\u00fcndet.<\/p>\n<p>[\/et_pb_text][et_pb_image src=&#8220;http:\/\/xn--holz-lgern-egg-bib.site\/site\/wp-content\/uploads\/2025\/05\/afe59845-92df-4af5-8d3c-2ed7dbac2bf1-scaled.jpg&#8220; title_text=&#8220;afe59845-92df-4af5-8d3c-2ed7dbac2bf1&#8243; _builder_version=&#8220;4.27.4&#8243; _module_preset=&#8220;default&#8220; global_colors_info=&#8220;{}&#8220;][\/et_pb_image][\/et_pb_column][et_pb_column type=&#8220;1_2&#8243; _builder_version=&#8220;4.27.4&#8243; _module_preset=&#8220;default&#8220; global_colors_info=&#8220;{}&#8220;][et_pb_image src=&#8220;http:\/\/xn--holz-lgern-egg-bib.site\/site\/wp-content\/uploads\/2025\/05\/a48ef672-4092-4434-8d50-575b9a561dbb-scaled.jpg&#8220; title_text=&#8220;a48ef672-4092-4434-8d50-575b9a561dbb&#8220; _builder_version=&#8220;4.27.4&#8243; _module_preset=&#8220;default&#8220; global_colors_info=&#8220;{}&#8220;][\/et_pb_image][\/et_pb_column][\/et_pb_row][\/et_pb_section]<\/p>\n","protected":false},"excerpt":{"rendered":"<p>Fortsbetrieb WehntalDer Forstbetrieb und die Waldbesitzer sind der Anfang der Verarbeitungskette und liefern den Rohstoff. In den Holzschl\u00e4gen f\u00e4llen wir die B\u00e4ume, teilen sie in die Verkaufssortimente ein und lagern sie verkaufsfertig an den Waldstrassen. Das Rundholz verkaufen wir ab Waldstrasse an regionale S\u00e4gereien und Holzverarbeiter.Waldpflege und -Bewirtschaftung Der Forstbetrieb ist f\u00fcr die Pflege und [&hellip;]<\/p>\n","protected":false},"author":1,"featured_media":0,"parent":0,"menu_order":0,"comment_status":"closed","ping_status":"closed","template":"","meta":{"_et_pb_use_builder":"on","_et_pb_old_content":"","_et_gb_content_width":"","footnotes":""},"class_list":["post-17","page","type-page","status-publish","hentry"],"_links":{"self":[{"href":"https:\/\/xn--holz-lgern-egg-bib.site\/site\/index.php?rest_route=\/wp\/v2\/pages\/17","targetHints":{"allow":["GET"]}}],"collection":[{"href":"https:\/\/xn--holz-lgern-egg-bib.site\/site\/index.php?rest_route=\/wp\/v2\/pages"}],"about":[{"href":"https:\/\/xn--holz-lgern-egg-bib.site\/site\/index.php?rest_route=\/wp\/v2\/types\/page"}],"author":[{"embeddable":true,"href":"https:\/\/xn--holz-lgern-egg-bib.site\/site\/index.php?rest_route=\/wp\/v2\/users\/1"}],"replies":[{"embeddable":true,"href":"https:\/\/xn--holz-lgern-egg-bib.site\/site\/index.php?rest_route=%2Fwp%2Fv2%2Fcomments&post=17"}],"version-history":[{"count":18,"href":"https:\/\/xn--holz-lgern-egg-bib.site\/site\/index.php?rest_route=\/wp\/v2\/pages\/17\/revisions"}],"predecessor-version":[{"id":338,"href":"https:\/\/xn--holz-lgern-egg-bib.site\/site\/index.php?rest_route=\/wp\/v2\/pages\/17\/revisions\/338"}],"wp:attachment":[{"href":"https:\/\/xn--holz-lgern-egg-bib.site\/site\/index.php?rest_route=%2Fwp%2Fv2%2Fmedia&parent=17"}],"curies":[{"name":"wp","href":"https:\/\/api.w.org\/{rel}","templated":true}]}}