{"id":111,"date":"2025-03-03T16:46:29","date_gmt":"2025-03-03T16:46:29","guid":{"rendered":"https:\/\/xn--holz-lgern-egg-bib.site\/site\/?page_id=111"},"modified":"2025-07-11T13:12:40","modified_gmt":"2025-07-11T13:12:40","slug":"111-2","status":"publish","type":"page","link":"https:\/\/xn--holz-lgern-egg-bib.site\/site\/?page_id=111","title":{"rendered":"Offene T\u00fcren an allen Standorten"},"content":{"rendered":"<p>[et_pb_section fb_built=&#8220;1&#8243; _builder_version=&#8220;4.27.4&#8243; _module_preset=&#8220;default&#8220; global_colors_info=&#8220;{}&#8220;][et_pb_row column_structure=&#8220;2_5,3_5&#8243; _builder_version=&#8220;4.27.4&#8243; _module_preset=&#8220;default&#8220; global_colors_info=&#8220;{}&#8220;][et_pb_column type=&#8220;2_5&#8243; _builder_version=&#8220;4.27.4&#8243; _module_preset=&#8220;default&#8220; global_colors_info=&#8220;{}&#8220;][et_pb_image src=&#8220;http:\/\/xn--holz-lgern-egg-bib.site\/site\/wp-content\/uploads\/2025\/02\/3-Standorte.jpg&#8220; title_text=&#8220;3 Standorte&#8220; _builder_version=&#8220;4.27.4&#8243; _module_preset=&#8220;default&#8220; global_colors_info=&#8220;{}&#8220;][\/et_pb_image][\/et_pb_column][et_pb_column type=&#8220;3_5&#8243; _builder_version=&#8220;4.27.4&#8243; _module_preset=&#8220;default&#8220; global_colors_info=&#8220;{}&#8220;][et_pb_text _builder_version=&#8220;4.27.4&#8243; _module_preset=&#8220;default&#8220; global_colors_info=&#8220;{}&#8220;]<\/p>\n<h1>Offene T\u00fcren an allen Standorten &#8211; Samstag 13. September<\/h1>\n<p>[\/et_pb_text][et_pb_text _builder_version=&#8220;4.27.4&#8243; _module_preset=&#8220;default&#8220; hover_enabled=&#8220;0&#8243; global_colors_info=&#8220;{}&#8220; sticky_enabled=&#8220;0&#8243;]<\/p>\n<p>An 3 Standorten kann man am Samstag die Regionale Holzkette live erleben und es stehen fachkundige Mitarbeiter f\u00fcr F\u00fchrungen und Fragen zur Verf\u00fcgung.<\/p>\n<p>Es wird gearbeitet und wir sind von 9 bis 16 Uhr f\u00fcr Informationen und F\u00fchrungen vor Ort.<\/p>\n<p>&nbsp;<\/p>\n<p><a href=\"https:\/\/maps.app.goo.gl\/6Nt4Yk6RccPHee4Z8\" target=\"_blank\" rel=\"noopener\">Wirth AG S\u00e4gerei und Kistenfabrik &#8211; in Bachs<\/a><\/p>\n<p><a href=\"https:\/\/maps.app.goo.gl\/i8K96iv4DoVzpfST8\" target=\"_blank\" rel=\"noopener\">Josef Lehmann Holzbau AG &#8211; Schneisingen<\/a><\/p>\n<p><a href=\"https:\/\/maps.app.goo.gl\/Bwh6iZigbd14JauN7\" target=\"_blank\" rel=\"noopener\">Forst Wehntal &#8211; Schliniker Platte im Wald<\/a><\/p>\n<p>&nbsp;<\/p>\n<p>[\/et_pb_text][\/et_pb_column][\/et_pb_row][\/et_pb_section]<\/p>\n","protected":false},"excerpt":{"rendered":"<p>Offene T\u00fcren an allen Standorten &#8211; Samstag 13. SeptemberAn 3 Standorten kann man am Samstag die Regionale Holzkette live erleben und es stehen fachkundige Mitarbeiter f\u00fcr F\u00fchrungen und Fragen zur Verf\u00fcgung. Es wird gearbeitet und wir sind von 9 bis 16 Uhr f\u00fcr Informationen und F\u00fchrungen vor Ort. &nbsp; Wirth AG S\u00e4gerei und Kistenfabrik &#8211; [&hellip;]<\/p>\n","protected":false},"author":1,"featured_media":0,"parent":0,"menu_order":0,"comment_status":"closed","ping_status":"closed","template":"","meta":{"_et_pb_use_builder":"on","_et_pb_old_content":"","_et_gb_content_width":"","footnotes":""},"class_list":["post-111","page","type-page","status-publish","hentry"],"_links":{"self":[{"href":"https:\/\/xn--holz-lgern-egg-bib.site\/site\/index.php?rest_route=\/wp\/v2\/pages\/111","targetHints":{"allow":["GET"]}}],"collection":[{"href":"https:\/\/xn--holz-lgern-egg-bib.site\/site\/index.php?rest_route=\/wp\/v2\/pages"}],"about":[{"href":"https:\/\/xn--holz-lgern-egg-bib.site\/site\/index.php?rest_route=\/wp\/v2\/types\/page"}],"author":[{"embeddable":true,"href":"https:\/\/xn--holz-lgern-egg-bib.site\/site\/index.php?rest_route=\/wp\/v2\/users\/1"}],"replies":[{"embeddable":true,"href":"https:\/\/xn--holz-lgern-egg-bib.site\/site\/index.php?rest_route=%2Fwp%2Fv2%2Fcomments&post=111"}],"version-history":[{"count":7,"href":"https:\/\/xn--holz-lgern-egg-bib.site\/site\/index.php?rest_route=\/wp\/v2\/pages\/111\/revisions"}],"predecessor-version":[{"id":304,"href":"https:\/\/xn--holz-lgern-egg-bib.site\/site\/index.php?rest_route=\/wp\/v2\/pages\/111\/revisions\/304"}],"wp:attachment":[{"href":"https:\/\/xn--holz-lgern-egg-bib.site\/site\/index.php?rest_route=%2Fwp%2Fv2%2Fmedia&parent=111"}],"curies":[{"name":"wp","href":"https:\/\/api.w.org\/{rel}","templated":true}]}}