{"id":11,"date":"2025-02-14T12:12:59","date_gmt":"2025-02-14T12:12:59","guid":{"rendered":"https:\/\/xn--holz-lgern-egg-bib.site\/site\/?page_id=11"},"modified":"2025-09-17T11:56:35","modified_gmt":"2025-09-17T11:56:35","slug":"home","status":"publish","type":"page","link":"https:\/\/xn--holz-lgern-egg-bib.site\/site\/","title":{"rendered":"Home"},"content":{"rendered":"<p>[et_pb_section fb_built=&#8220;1&#8243; _builder_version=&#8220;4.27.4&#8243; _module_preset=&#8220;default&#8220; global_colors_info=&#8220;{}&#8220;][et_pb_row _builder_version=&#8220;4.27.4&#8243; _module_preset=&#8220;default&#8220; global_colors_info=&#8220;{}&#8220;][et_pb_column type=&#8220;4_4&#8243; _builder_version=&#8220;4.27.4&#8243; _module_preset=&#8220;default&#8220; global_colors_info=&#8220;{}&#8220;][et_pb_text _builder_version=&#8220;4.27.4&#8243; _module_preset=&#8220;default&#8220; global_colors_info=&#8220;{}&#8220;]<\/p>\n<h2 style=\"text-align: center;\"><span>Holzverarbeitung in der Region rund um die L\u00e4gern und der Waldgebiete Egg im Z\u00fcrcher Unterland und dem angrenzenden Aargau.<\/span><\/h2>\n<p><span><\/span><\/p>\n<p><span><\/span><\/p>\n<h2 style=\"text-align: center;\">Die Verarbeitungskette umfasst den Forstbetrieb, die S\u00e4gerei und den Holzbauer.<\/h2>\n<p>[\/et_pb_text][et_pb_image src=&#8220;http:\/\/xn--holz-lgern-egg-bib.site\/site\/wp-content\/uploads\/2025\/05\/3-Logos-quer.jpg&#8220; title_text=&#8220;3 Logos quer&#8220; _builder_version=&#8220;4.27.4&#8243; _module_preset=&#8220;default&#8220; global_colors_info=&#8220;{}&#8220;][\/et_pb_image][et_pb_divider color=&#8220;#FFFFFF&#8220; _builder_version=&#8220;4.27.4&#8243; _module_preset=&#8220;default&#8220; height=&#8220;121px&#8220; global_colors_info=&#8220;{}&#8220;][\/et_pb_divider][\/et_pb_column][\/et_pb_row][et_pb_row _builder_version=&#8220;4.27.4&#8243; _module_preset=&#8220;default&#8220; hover_enabled=&#8220;0&#8243; global_colors_info=&#8220;{}&#8220; sticky_enabled=&#8220;0&#8243;][et_pb_column type=&#8220;4_4&#8243; _builder_version=&#8220;4.27.4&#8243; _module_preset=&#8220;default&#8220; global_colors_info=&#8220;{}&#8220;][et_pb_text _builder_version=&#8220;4.27.4&#8243; _module_preset=&#8220;default&#8220; global_colors_info=&#8220;{}&#8220;]<\/p>\n<p style=\"text-align: left;\">Die Initialzt\u00fcndung f\u00fcr unseren Zusammenschluss war die Kampagne &#8222;Tage des Schweizer Holzes 2025&#8220;. Wir haben jedoch auch schon davor erfolgreich zusammen gearbeitet und Projekte in der Region realisiert.<\/p>\n<h3 style=\"text-align: left;\"><\/h3>\n<p>[\/et_pb_text][\/et_pb_column][\/et_pb_row][et_pb_row column_structure=&#8220;3_5,2_5&#8243; _builder_version=&#8220;4.27.4&#8243; _module_preset=&#8220;default&#8220; global_colors_info=&#8220;{}&#8220;][et_pb_column type=&#8220;3_5&#8243; _builder_version=&#8220;4.27.4&#8243; _module_preset=&#8220;default&#8220; global_colors_info=&#8220;{}&#8220;][et_pb_text _builder_version=&#8220;4.27.4&#8243; _module_preset=&#8220;default&#8220; global_colors_info=&#8220;{}&#8220;]<\/p>\n<h1>Regionaler Rohstoff<\/h1>\n<p>Wir verarbeiten in unserer Verarbeitungskette zu 100% Schweizer Holz aus der Region Z\u00fcrcher Unterland und dem angrenzenden Aargau. Nat\u00fcrlich bem\u00fchen wir uns auch die Wertsch\u00f6pfung m\u00f6glichst in der Region zu halten.<\/p>\n<p>Bei uns ist Nachhaltigkeit und Regionalit\u00e4t nicht nur ein Slogan auf der Webseite, sondern gelebte Realit\u00e4t. Wir bieten interssierten Bautr\u00e4gern die M\u00f6glichkeit und Gewissheit mit dem \u00f6kologischten Baustoff aus der Region oder sogar dem eigenen Forstrevier Projekte zu realisieren. Durch die direkte Zusammenarbeit ohne einen Zwischenhandel k\u00f6nnen wir durchaus marktf\u00e4hige Angebote machen. Sprechen Sie uns an, wir finden gerne mit Ihnen zusammen innovative L\u00f6sungen f\u00fcr Projekte!<\/p>\n<p>[\/et_pb_text][\/et_pb_column][et_pb_column type=&#8220;2_5&#8243; _builder_version=&#8220;4.27.4&#8243; _module_preset=&#8220;default&#8220; global_colors_info=&#8220;{}&#8220;][et_pb_image src=&#8220;http:\/\/xn--holz-lgern-egg-bib.site\/site\/wp-content\/uploads\/2025\/03\/Douglasie-Wuerenlingen-scaled.jpg&#8220; _builder_version=&#8220;4.27.4&#8243; _module_preset=&#8220;default&#8220; global_colors_info=&#8220;{}&#8220;][\/et_pb_image][\/et_pb_column][\/et_pb_row][\/et_pb_section]<\/p>\n","protected":false},"excerpt":{"rendered":"<p>Holzverarbeitung in der Region rund um die L\u00e4gern und der Waldgebiete Egg im Z\u00fcrcher Unterland und dem angrenzenden Aargau. Die Verarbeitungskette umfasst den Forstbetrieb, die S\u00e4gerei und den Holzbauer.Die Initialzt\u00fcndung f\u00fcr unseren Zusammenschluss war die Kampagne &#8222;Tage des Schweizer Holzes 2025&#8220;. Wir haben jedoch auch schon davor erfolgreich zusammen gearbeitet und Projekte in der Region [&hellip;]<\/p>\n","protected":false},"author":1,"featured_media":0,"parent":0,"menu_order":0,"comment_status":"closed","ping_status":"closed","template":"","meta":{"_et_pb_use_builder":"on","_et_pb_old_content":"","_et_gb_content_width":"","footnotes":""},"class_list":["post-11","page","type-page","status-publish","hentry"],"_links":{"self":[{"href":"https:\/\/xn--holz-lgern-egg-bib.site\/site\/index.php?rest_route=\/wp\/v2\/pages\/11","targetHints":{"allow":["GET"]}}],"collection":[{"href":"https:\/\/xn--holz-lgern-egg-bib.site\/site\/index.php?rest_route=\/wp\/v2\/pages"}],"about":[{"href":"https:\/\/xn--holz-lgern-egg-bib.site\/site\/index.php?rest_route=\/wp\/v2\/types\/page"}],"author":[{"embeddable":true,"href":"https:\/\/xn--holz-lgern-egg-bib.site\/site\/index.php?rest_route=\/wp\/v2\/users\/1"}],"replies":[{"embeddable":true,"href":"https:\/\/xn--holz-lgern-egg-bib.site\/site\/index.php?rest_route=%2Fwp%2Fv2%2Fcomments&post=11"}],"version-history":[{"count":21,"href":"https:\/\/xn--holz-lgern-egg-bib.site\/site\/index.php?rest_route=\/wp\/v2\/pages\/11\/revisions"}],"predecessor-version":[{"id":364,"href":"https:\/\/xn--holz-lgern-egg-bib.site\/site\/index.php?rest_route=\/wp\/v2\/pages\/11\/revisions\/364"}],"wp:attachment":[{"href":"https:\/\/xn--holz-lgern-egg-bib.site\/site\/index.php?rest_route=%2Fwp%2Fv2%2Fmedia&parent=11"}],"curies":[{"name":"wp","href":"https:\/\/api.w.org\/{rel}","templated":true}]}}